{"id":1232,"date":"2022-11-02T15:06:32","date_gmt":"2022-11-02T14:06:32","guid":{"rendered":"https:\/\/lumierenaturelle64.fr\/?page_id=1232"},"modified":"2025-12-03T16:23:47","modified_gmt":"2025-12-03T15:23:47","slug":"politique-de-confidentialite","status":"publish","type":"page","link":"https:\/\/lumierenaturelle64.fr\/en\/politique-de-confidentialite\/","title":{"rendered":"Privacy policy"},"content":{"rendered":"<div data-elementor-type=\"wp-page\" data-elementor-id=\"1232\" class=\"elementor elementor-1232\" data-elementor-post-type=\"page\">\n\t\t\t\t\t\t<section class=\"elementor-section elementor-top-section elementor-element elementor-element-80dabba elementor-section-boxed elementor-section-height-default elementor-section-height-default\" data-id=\"80dabba\" data-element_type=\"section\" data-e-type=\"section\">\n\t\t\t\t\t\t<div class=\"elementor-container elementor-column-gap-default\">\n\t\t\t\t\t<div class=\"elementor-column elementor-col-100 elementor-top-column elementor-element elementor-element-a6c3a00\" data-id=\"a6c3a00\" data-element_type=\"column\" data-e-type=\"column\">\n\t\t\t<div class=\"elementor-widget-wrap elementor-element-populated\">\n\t\t\t\t\t\t<div class=\"elementor-element elementor-element-dce8e2e elementor-widget elementor-widget-text-editor\" data-id=\"dce8e2e\" data-element_type=\"widget\" data-e-type=\"widget\" data-widget_type=\"text-editor.default\">\n\t\t\t\t<div class=\"elementor-widget-container\">\n\t\t\t\t\t\t\t\t\t<p>\u00a0<\/p><h5>Definitions :<\/h5><p><strong>The Publisher<\/strong>\u00a0The natural or legal person who publishes online public communication services.<br \/><strong>The site<\/strong>\u00a0All sites, web pages and online services offered by the Publisher.<br \/><strong>The User<\/strong>\u00a0The person using the Site and the services.<\/p><h5>Type of data collected<\/h5><p><strong>When using the Sites, the Publisher may collect the following categories of data about its Users:<\/strong><\/p><p>Civil status, identity and identification data...<\/p><p>Connection data (IP addresses, event logs, etc.)<\/p><h5>Data aggregation<\/h5><p><strong>Aggregation with non-personal data<\/strong><br \/>We may publish, disclose and use Aggregate Information (information about all of our Users or specific groups or categories of Users that we combine so that an individual User can no longer be identified or referred to) and Non-Personal Information for industry and market analysis, demographic profiling, promotional and advertising purposes and other business purposes.<\/p><p><strong>Aggregation with personal data available on the User's social accounts<\/strong><br \/>If you connect your account to another service's account for the purpose of cross-mailing, that service may share your profile and login information with us, as well as any other information you have authorized to be shared. We may aggregate information about all of our other Users, groups, accounts, with the personal data available about the User.<\/p><h5>Cookies<\/h5><p><strong>Cookie retention period<\/strong><br \/>In accordance with CNIL recommendations, cookies are kept for a maximum of 13 months after they are first placed on the User's terminal, as is the period of validity of the User's consent to the use of these cookies. The lifespan of cookies is not extended with each visit. The User's consent must therefore be renewed at the end of this period.<\/p><p><strong>Purpose of cookies<\/strong><br \/>Cookies may be used for statistical purposes, in particular to optimise the services provided to the User, by processing information concerning the frequency of access, the personalisation of pages, the operations carried out and the information consulted.<br \/>You are informed that the Publisher may place cookies on your terminal. The cookie records information relating to your browsing on the service (the pages you have visited, the date and time of the visit, etc.) which we will be able to read on your subsequent visits.<\/p><h5>Retention of technical data<\/h5><p><strong>Technical data retention period\u00a0<\/strong><br \/>Technical data is kept for as long as is strictly necessary for the purposes set out above.<\/p><h5>Retention period for personal data and anonymisation<\/h5><p><strong>Deleting data after account deletion\u00a0<\/strong><br \/>Data purging procedures are in place to ensure that data is effectively deleted as soon as the retention or archiving period required to fulfil the specified or imposed purposes has been reached. In accordance with the French Data Protection Act no. 78-17 of 6 January 1978, you also have the right to delete your data, which you may exercise at any time by contacting the Publisher.<\/p><p><strong>Deletion of data after 3 years of inactivity\u00a0<\/strong><br \/>For security reasons, if you have not logged on to the Site for a period of three years, you will receive an e-mail inviting you to log on as soon as possible, failing which your data will be deleted from our databases.<\/p><h5>Deleting an account<\/h5><p><strong>Account deletion on request\u00a0<\/strong><br \/>The User may delete his\/her Account at any time, by simple request to the Publisher OR via the Account deletion menu in the Account settings, if applicable.<\/p><p><strong>Deletion of the account in the event of a breach of the GCU\u00a0<\/strong><br \/>If you breach any provision of the TOS or any other document incorporated herein by reference, the Publisher reserves the right to terminate or restrict, without notice and at its sole discretion, your use of and access to the services, your account and all the Sites.<\/p><h5>Indications in the event of a security vulnerability detected by the Publisher<\/h5><p><strong>Informing the User in the event of a security breach\u00a0<\/strong><br \/>We undertake to implement all appropriate technical and organisational measures to guarantee a level of security appropriate to the risks of accidental, unauthorised or illegal access, disclosure, alteration, loss or destruction of your personal data. In the event that we become aware of unlawful access to your personal data stored on our servers or those of our service providers, or of unauthorised access resulting in the risks identified above, we undertake to :<\/p><ul><li>Notify you of the incident as soon as possible; ;<\/li><li>Examine the causes of the incident and inform you; ;<\/li><li>Take the necessary measures within reasonable limits to mitigate the negative effects and damage that may result from the said incident<\/li><\/ul><p><strong>Limitation of liability\u00a0<\/strong><br \/>Under no circumstances may the undertakings set out in the point above relating to notification in the event of a security breach be assimilated to any acknowledgement of fault or responsibility for the occurrence of the incident in question.<\/p><h5>Modification of the GTCU and the confidentiality policy<\/h5><p><strong>In the event of modification of these Terms and Conditions of Use, an undertaking not to lower the level of confidentiality substantially without first informing the persons concerned\u00a0<\/strong><br \/>We undertake to inform you in the event of any substantial modification to these GCU, and not to lower the level of confidentiality of your data substantially without informing you and obtaining your consent.<\/p><p>\u00a0<\/p>\t\t\t\t\t\t\t\t<\/div>\n\t\t\t\t<\/div>\n\t\t\t\t\t<\/div>\n\t\t<\/div>\n\t\t\t\t\t<\/div>\n\t\t<\/section>\n\t\t\t\t<\/div>","protected":false},"excerpt":{"rendered":"<p>D\u00e9finitions\u00a0: L\u2019\u00c9diteur\u00a0: La personne, physique ou morale, qui \u00e9dite les services de communication au public en ligne. Le Site\u00a0: L\u2019ensemble des sites, pages Internet et services en ligne propos\u00e9s par l\u2019\u00c9diteur. L\u2019Utilisateur\u00a0: La personne utilisant le Site et les services. Nature des donn\u00e9es collect\u00e9es Dans le cadre de l\u2019utilisation des Sites, l\u2019\u00c9diteur est susceptible de [&hellip;]<\/p>","protected":false},"author":1,"featured_media":0,"parent":0,"menu_order":0,"comment_status":"closed","ping_status":"closed","template":"","meta":{"_acf_changed":false,"footnotes":""},"class_list":["post-1232","page","type-page","status-publish","hentry"],"acf":[],"yoast_head":"<!-- This site is optimized with the Yoast SEO plugin v26.4 - https:\/\/yoast.com\/wordpress\/plugins\/seo\/ -->\n<title>Politique de confidentialit\u00e9 - Lumi\u00e8re Naturelle<\/title>\n<meta name=\"robots\" content=\"noindex, nofollow\" \/>\n<meta property=\"og:locale\" content=\"en_GB\" \/>\n<meta property=\"og:type\" content=\"article\" \/>\n<meta property=\"og:title\" content=\"Politique de confidentialit\u00e9 - Lumi\u00e8re Naturelle\" \/>\n<meta property=\"og:description\" content=\"D\u00e9finitions\u00a0: L\u2019\u00c9diteur\u00a0: La personne, physique ou morale, qui \u00e9dite les services de communication au public en ligne. Le Site\u00a0: L\u2019ensemble des sites, pages Internet et services en ligne propos\u00e9s par l\u2019\u00c9diteur. L\u2019Utilisateur\u00a0: La personne utilisant le Site et les services. Nature des donn\u00e9es collect\u00e9es Dans le cadre de l\u2019utilisation des Sites, l\u2019\u00c9diteur est susceptible de [&hellip;]\" \/>\n<meta property=\"og:url\" content=\"https:\/\/lumierenaturelle64.fr\/en\/politique-de-confidentialite\/\" \/>\n<meta property=\"og:site_name\" content=\"Lumi\u00e8re Naturelle\" \/>\n<meta property=\"article:modified_time\" content=\"2025-12-03T15:23:47+00:00\" \/>\n<meta name=\"twitter:card\" content=\"summary_large_image\" \/>\n<meta name=\"twitter:label1\" content=\"Estimated reading time\" \/>\n\t<meta name=\"twitter:data1\" content=\"5 minutes\" \/>\n<script type=\"application\/ld+json\" class=\"yoast-schema-graph\">{\"@context\":\"https:\/\/schema.org\",\"@graph\":[{\"@type\":\"WebPage\",\"@id\":\"https:\/\/lumierenaturelle64.fr\/politique-de-confidentialite\/\",\"url\":\"https:\/\/lumierenaturelle64.fr\/politique-de-confidentialite\/\",\"name\":\"Politique de confidentialit\u00e9 - Lumi\u00e8re Naturelle\",\"isPartOf\":{\"@id\":\"https:\/\/lumierenaturelle64.fr\/#website\"},\"datePublished\":\"2022-11-02T14:06:32+00:00\",\"dateModified\":\"2025-12-03T15:23:47+00:00\",\"breadcrumb\":{\"@id\":\"https:\/\/lumierenaturelle64.fr\/politique-de-confidentialite\/#breadcrumb\"},\"inLanguage\":\"en-GB\",\"potentialAction\":[{\"@type\":\"ReadAction\",\"target\":[\"https:\/\/lumierenaturelle64.fr\/politique-de-confidentialite\/\"]}]},{\"@type\":\"BreadcrumbList\",\"@id\":\"https:\/\/lumierenaturelle64.fr\/politique-de-confidentialite\/#breadcrumb\",\"itemListElement\":[{\"@type\":\"ListItem\",\"position\":1,\"name\":\"Accueil\",\"item\":\"https:\/\/lumierenaturelle64.fr\/\"},{\"@type\":\"ListItem\",\"position\":2,\"name\":\"Politique de confidentialit\u00e9\"}]},{\"@type\":\"WebSite\",\"@id\":\"https:\/\/lumierenaturelle64.fr\/#website\",\"url\":\"https:\/\/lumierenaturelle64.fr\/\",\"name\":\"lumierenaturelle64.fr\",\"description\":\"\",\"publisher\":{\"@id\":\"https:\/\/lumierenaturelle64.fr\/#organization\"},\"potentialAction\":[{\"@type\":\"SearchAction\",\"target\":{\"@type\":\"EntryPoint\",\"urlTemplate\":\"https:\/\/lumierenaturelle64.fr\/?s={search_term_string}\"},\"query-input\":{\"@type\":\"PropertyValueSpecification\",\"valueRequired\":true,\"valueName\":\"search_term_string\"}}],\"inLanguage\":\"en-GB\"},{\"@type\":\"Organization\",\"@id\":\"https:\/\/lumierenaturelle64.fr\/#organization\",\"name\":\"lumierenaturelle64.fr\",\"url\":\"https:\/\/lumierenaturelle64.fr\/\",\"logo\":{\"@type\":\"ImageObject\",\"inLanguage\":\"en-GB\",\"@id\":\"https:\/\/lumierenaturelle64.fr\/#\/schema\/logo\/image\/\",\"url\":\"https:\/\/lumierenaturelle64.fr\/wp-content\/uploads\/2022\/10\/Lumiere_Naturelle_2023.jpg\",\"contentUrl\":\"https:\/\/lumierenaturelle64.fr\/wp-content\/uploads\/2022\/10\/Lumiere_Naturelle_2023.jpg\",\"width\":769,\"height\":951,\"caption\":\"lumierenaturelle64.fr\"},\"image\":{\"@id\":\"https:\/\/lumierenaturelle64.fr\/#\/schema\/logo\/image\/\"},\"sameAs\":[\"https:\/\/www.instagram.com\/lumierenature64\/\"]}]}<\/script>\n<!-- \/ Yoast SEO plugin. -->","yoast_head_json":{"title":"Politique de confidentialit\u00e9 - Lumi\u00e8re Naturelle","robots":{"index":"noindex","follow":"nofollow"},"og_locale":"en_GB","og_type":"article","og_title":"Politique de confidentialit\u00e9 - Lumi\u00e8re Naturelle","og_description":"D\u00e9finitions\u00a0: L\u2019\u00c9diteur\u00a0: La personne, physique ou morale, qui \u00e9dite les services de communication au public en ligne. Le Site\u00a0: L\u2019ensemble des sites, pages Internet et services en ligne propos\u00e9s par l\u2019\u00c9diteur. L\u2019Utilisateur\u00a0: La personne utilisant le Site et les services. Nature des donn\u00e9es collect\u00e9es Dans le cadre de l\u2019utilisation des Sites, l\u2019\u00c9diteur est susceptible de [&hellip;]","og_url":"https:\/\/lumierenaturelle64.fr\/en\/politique-de-confidentialite\/","og_site_name":"Lumi\u00e8re Naturelle","article_modified_time":"2025-12-03T15:23:47+00:00","twitter_card":"summary_large_image","twitter_misc":{"Estimated reading time":"5 minutes"},"schema":{"@context":"https:\/\/schema.org","@graph":[{"@type":"WebPage","@id":"https:\/\/lumierenaturelle64.fr\/politique-de-confidentialite\/","url":"https:\/\/lumierenaturelle64.fr\/politique-de-confidentialite\/","name":"Politique de confidentialit\u00e9 - Lumi\u00e8re Naturelle","isPartOf":{"@id":"https:\/\/lumierenaturelle64.fr\/#website"},"datePublished":"2022-11-02T14:06:32+00:00","dateModified":"2025-12-03T15:23:47+00:00","breadcrumb":{"@id":"https:\/\/lumierenaturelle64.fr\/politique-de-confidentialite\/#breadcrumb"},"inLanguage":"en-GB","potentialAction":[{"@type":"ReadAction","target":["https:\/\/lumierenaturelle64.fr\/politique-de-confidentialite\/"]}]},{"@type":"BreadcrumbList","@id":"https:\/\/lumierenaturelle64.fr\/politique-de-confidentialite\/#breadcrumb","itemListElement":[{"@type":"ListItem","position":1,"name":"Accueil","item":"https:\/\/lumierenaturelle64.fr\/"},{"@type":"ListItem","position":2,"name":"Politique de confidentialit\u00e9"}]},{"@type":"WebSite","@id":"https:\/\/lumierenaturelle64.fr\/#website","url":"https:\/\/lumierenaturelle64.fr\/","name":"lumierenaturelle64.fr","description":"","publisher":{"@id":"https:\/\/lumierenaturelle64.fr\/#organization"},"potentialAction":[{"@type":"SearchAction","target":{"@type":"EntryPoint","urlTemplate":"https:\/\/lumierenaturelle64.fr\/?s={search_term_string}"},"query-input":{"@type":"PropertyValueSpecification","valueRequired":true,"valueName":"search_term_string"}}],"inLanguage":"en-GB"},{"@type":"Organization","@id":"https:\/\/lumierenaturelle64.fr\/#organization","name":"lumierenaturelle64.fr","url":"https:\/\/lumierenaturelle64.fr\/","logo":{"@type":"ImageObject","inLanguage":"en-GB","@id":"https:\/\/lumierenaturelle64.fr\/#\/schema\/logo\/image\/","url":"https:\/\/lumierenaturelle64.fr\/wp-content\/uploads\/2022\/10\/Lumiere_Naturelle_2023.jpg","contentUrl":"https:\/\/lumierenaturelle64.fr\/wp-content\/uploads\/2022\/10\/Lumiere_Naturelle_2023.jpg","width":769,"height":951,"caption":"lumierenaturelle64.fr"},"image":{"@id":"https:\/\/lumierenaturelle64.fr\/#\/schema\/logo\/image\/"},"sameAs":["https:\/\/www.instagram.com\/lumierenature64\/"]}]}},"_links":{"self":[{"href":"https:\/\/lumierenaturelle64.fr\/en\/wp-json\/wp\/v2\/pages\/1232","targetHints":{"allow":["GET"]}}],"collection":[{"href":"https:\/\/lumierenaturelle64.fr\/en\/wp-json\/wp\/v2\/pages"}],"about":[{"href":"https:\/\/lumierenaturelle64.fr\/en\/wp-json\/wp\/v2\/types\/page"}],"author":[{"embeddable":true,"href":"https:\/\/lumierenaturelle64.fr\/en\/wp-json\/wp\/v2\/users\/1"}],"replies":[{"embeddable":true,"href":"https:\/\/lumierenaturelle64.fr\/en\/wp-json\/wp\/v2\/comments?post=1232"}],"version-history":[{"count":9,"href":"https:\/\/lumierenaturelle64.fr\/en\/wp-json\/wp\/v2\/pages\/1232\/revisions"}],"predecessor-version":[{"id":3592,"href":"https:\/\/lumierenaturelle64.fr\/en\/wp-json\/wp\/v2\/pages\/1232\/revisions\/3592"}],"wp:attachment":[{"href":"https:\/\/lumierenaturelle64.fr\/en\/wp-json\/wp\/v2\/media?parent=1232"}],"curies":[{"name":"wp","href":"https:\/\/api.w.org\/{rel}","templated":true}]}}