{"id":1237,"date":"2022-11-02T15:12:06","date_gmt":"2022-11-02T14:12:06","guid":{"rendered":"https:\/\/lumierenaturelle64.fr\/?page_id=1237"},"modified":"2025-12-03T16:23:22","modified_gmt":"2025-12-03T15:23:22","slug":"mentions-legales","status":"publish","type":"page","link":"https:\/\/lumierenaturelle64.fr\/en\/mentions-legales\/","title":{"rendered":"Legal information"},"content":{"rendered":"<div data-elementor-type=\"wp-page\" data-elementor-id=\"1237\" class=\"elementor elementor-1237\" data-elementor-post-type=\"page\">\n\t\t\t\t\t\t<section class=\"elementor-section elementor-top-section elementor-element elementor-element-b093df8 elementor-section-boxed elementor-section-height-default elementor-section-height-default\" data-id=\"b093df8\" data-element_type=\"section\" data-e-type=\"section\">\n\t\t\t\t\t\t<div class=\"elementor-container elementor-column-gap-default\">\n\t\t\t\t\t<div class=\"elementor-column elementor-col-100 elementor-top-column elementor-element elementor-element-65c8fa8\" data-id=\"65c8fa8\" data-element_type=\"column\" data-e-type=\"column\">\n\t\t\t<div class=\"elementor-widget-wrap elementor-element-populated\">\n\t\t\t\t\t\t<div class=\"elementor-element elementor-element-d8c2a94 elementor-widget elementor-widget-text-editor\" data-id=\"d8c2a94\" data-element_type=\"widget\" data-e-type=\"widget\" data-widget_type=\"text-editor.default\">\n\t\t\t\t<div class=\"elementor-widget-container\">\n\t\t\t\t\t\t\t\t\t<div><p align=\"center\">Effective 1 January 2022<\/p><\/div><div><p class=\"Paragraphe\" align=\"center\">\u00a0<\/p><\/div><div><p class=\"Paragraphe\" align=\"center\">\u00a0<\/p><\/div><div><p class=\"Paragraphe\">In accordance with the provisions of Articles 6-III and 19 of Law no. 2004-575 of 21 June 2004 on confidence in the digital economy, known as the L.C.E.N., Users of the site are hereby informed that <strong>lumierenaturelle64.fr<\/strong>\u00a0this legal notice.<\/p><\/div><div><p class=\"Paragraphe\">Connecting to and browsing the site <strong>lumierenaturelle64.fr<\/strong> by the User implies full and unreserved acceptance of these legal notices.<\/p><\/div><div><p class=\"Paragraphe\">These are available on the site under the heading \u00ab<a href=\"https:\/\/lumierenaturelle64.fr\/en\/politiques-de-confidentialites\/\">Privacy policy<\/a>\u00bb.<\/p><\/div><div><h1>\u00a0<\/h1><\/div><div><h5>ARTICLE 1 : The publisher<\/h5><\/div><div><h1>\u00a0<\/h1><\/div><div><p class=\"Paragraphe\">Publishing the site <strong>lumierenaturelle64.fr<\/strong>\u00a0is provided by the individual company Lumi\u00e8re Naturelle, whose registered office is located at 2 ter avenue de Jouandin, 64100 Bayonne, telephone number 06 15 54 18 00, e-mail address: lumierenaturelle@ecomail.fr.<\/p><p>SIRET: 90068313700013<\/p><\/div><div><p class=\"Paragraphe\">The Publication Director is Odile Wajou<\/p><\/div><div><h1>\u00a0<\/h1><\/div><div><h5>ARTICLE 2 : The host<\/h5><\/div><div><h1>\u00a0<\/h1><\/div><div><p class=\"Paragraphe\">The site host <strong>lumierenaturelle64.fr<\/strong>\u00a0is OVH, whose registered office is located at 2, rue Kellermann, 59100 Roubaix, with telephone number 1007.<\/p><\/div><div><h1>\u00a0<\/h1><\/div><div><h5>ARTICLE 3: Access to the site<\/h5><\/div><div><h1>\u00a0<\/h1><\/div><div><p class=\"Paragraphe\">The site can be accessed from any location, 7 days a week, 24 hours a day, except in cases of force majeure, scheduled or unscheduled interruptions that may arise from maintenance requirements.<\/p><\/div><div><p class=\"Paragraphe\">In the event of modification, interruption or suspension of services the site <strong>lumierenaturelle64.fr<\/strong>\u00a0cannot be held responsible.<\/p><\/div><div><h1>\u00a0<\/h1><\/div><div><h5>ARTICLE 4: Data collection<\/h5><\/div><div><h1>\u00a0<\/h1><\/div><div><p class=\"Paragraphe\">The site ensures that the User's personal information is collected and processed with due respect for privacy in accordance with the French Data Protection Act no. 78-17 of 6 January 1978.<\/p><\/div><div><p class=\"Paragraphe\">In accordance with the French Data Protection Act of 6 January 1978, Users have the right to access, rectify, delete and object to their personal data. The User may exercise this right: by contacting us by email lumierenaturelle@ecomail.fr<\/p><\/div><div><h1>\u00a0<\/h1><\/div><div><h5>ARTICLE 5: Cookies<\/h5><\/div><div><h1>\u00a0<\/h1><\/div><div><p class=\"Paragraphe\">Users are informed that when they visit the site, a cookie may be automatically installed on their browser.<\/p><\/div><div><p class=\"Paragraphe\">By browsing the site, you accept them.<\/p><\/div><div><p class=\"Paragraphe\">A cookie is an element that does not allow the User to be identified but is used to record information relating to the User's browsing on the Website. The User may deactivate this cookie using the settings in their browser software.<\/p><\/div><div><p class=\"Paragraphe\">\u00a0<\/p><\/div><div><h5>ARTICLE 6: Intellectual property<\/h5><\/div><div><h1>\u00a0<\/h1><\/div><div><p class=\"Paragraphe\">Any use, reproduction, distribution, marketing or modification of all or part of the site is strictly prohibited.\u00a0<strong>lumierenaturelle64.fr<\/strong>,Any use of the content of this website without the Publisher's authorisation is prohibited and may result in legal action and proceedings as provided for in the Intellectual Property Code and the Civil Code.<\/p><p>Logo designed by R\u00e9mi Bonnassiolle,<br \/><a href=\"https:\/\/www.instagram.com\/remibonnassiolle\/\" target=\"_blank\" rel=\"noopener\">@remibonnassiolle<\/a><\/p><p>Website developed by Ocean-Ville Capbreton.<\/p><\/div><div><p class=\"Paragraphe\">\u00a0<\/p><\/div><div><p class=\"Paragraphe\">For further information, please refer to the confidentiality policies of the site <strong>lumierenaturelle64.fr<\/strong> accessible via the \u00ab<a href=\"https:\/\/lumierenaturelle64.fr\/en\/politiques-de-confidentialites\/\">Personal data<\/a>\u00bb<\/p><\/div><div><p class=\"Paragraphe\">\u00a0<\/p><\/div><div><p class=\"Paragraphe\">\u00a0<\/p><\/div>\t\t\t\t\t\t\t\t<\/div>\n\t\t\t\t<\/div>\n\t\t\t\t\t<\/div>\n\t\t<\/div>\n\t\t\t\t\t<\/div>\n\t\t<\/section>\n\t\t\t\t<\/div>","protected":false},"excerpt":{"rendered":"<p>Effective as of 1 January 2022 In accordance with the provisions of Articles 6-III and 19 of Law No. 2004-575 of 21 June 2004 on Confidence in the Digital Economy, known as the L.C.E.N., Users of the lumierenaturelle64.fr site are hereby informed of the present legal notice. Connection to and browsing of the lumierenaturelle64.fr website by the User [...]<\/p>","protected":false},"author":1,"featured_media":0,"parent":0,"menu_order":0,"comment_status":"closed","ping_status":"closed","template":"","meta":{"_acf_changed":false,"footnotes":""},"class_list":["post-1237","page","type-page","status-publish","hentry"],"acf":[],"yoast_head":"<!-- This site is optimized with the Yoast SEO plugin v26.4 - https:\/\/yoast.com\/wordpress\/plugins\/seo\/ -->\n<title>Mentions l\u00e9gales - Lumi\u00e8re Naturelle<\/title>\n<meta name=\"robots\" content=\"noindex, nofollow\" \/>\n<meta property=\"og:locale\" content=\"en_GB\" \/>\n<meta property=\"og:type\" content=\"article\" \/>\n<meta property=\"og:title\" content=\"Mentions l\u00e9gales - Lumi\u00e8re Naturelle\" \/>\n<meta property=\"og:description\" content=\"En vigueur au 1er janvier 2022 Conform\u00e9ment aux dispositions des Articles 6-III et 19 de la Loi n\u00b02004-575 du 21 juin 2004 pour la Confiance dans l\u2019\u00e9conomie num\u00e9rique, dite L.C.E.N., il est port\u00e9 \u00e0 la connaissance des Utilisateurs du site lumierenaturelle64.fr\u00a0les pr\u00e9sentes mentions l\u00e9gales. La connexion et la navigation sur le site lumierenaturelle64.fr par l\u2019Utilisateur [&hellip;]\" \/>\n<meta property=\"og:url\" content=\"https:\/\/lumierenaturelle64.fr\/en\/mentions-legales\/\" \/>\n<meta property=\"og:site_name\" content=\"Lumi\u00e8re Naturelle\" \/>\n<meta property=\"article:modified_time\" content=\"2025-12-03T15:23:22+00:00\" \/>\n<meta name=\"twitter:card\" content=\"summary_large_image\" \/>\n<meta name=\"twitter:label1\" content=\"Estimated reading time\" \/>\n\t<meta name=\"twitter:data1\" content=\"3 minutes\" \/>\n<script type=\"application\/ld+json\" class=\"yoast-schema-graph\">{\"@context\":\"https:\/\/schema.org\",\"@graph\":[{\"@type\":\"WebPage\",\"@id\":\"https:\/\/lumierenaturelle64.fr\/mentions-legales\/\",\"url\":\"https:\/\/lumierenaturelle64.fr\/mentions-legales\/\",\"name\":\"Mentions l\u00e9gales - Lumi\u00e8re Naturelle\",\"isPartOf\":{\"@id\":\"https:\/\/lumierenaturelle64.fr\/#website\"},\"datePublished\":\"2022-11-02T14:12:06+00:00\",\"dateModified\":\"2025-12-03T15:23:22+00:00\",\"breadcrumb\":{\"@id\":\"https:\/\/lumierenaturelle64.fr\/mentions-legales\/#breadcrumb\"},\"inLanguage\":\"en-GB\",\"potentialAction\":[{\"@type\":\"ReadAction\",\"target\":[\"https:\/\/lumierenaturelle64.fr\/mentions-legales\/\"]}]},{\"@type\":\"BreadcrumbList\",\"@id\":\"https:\/\/lumierenaturelle64.fr\/mentions-legales\/#breadcrumb\",\"itemListElement\":[{\"@type\":\"ListItem\",\"position\":1,\"name\":\"Accueil\",\"item\":\"https:\/\/lumierenaturelle64.fr\/\"},{\"@type\":\"ListItem\",\"position\":2,\"name\":\"Mentions l\u00e9gales\"}]},{\"@type\":\"WebSite\",\"@id\":\"https:\/\/lumierenaturelle64.fr\/#website\",\"url\":\"https:\/\/lumierenaturelle64.fr\/\",\"name\":\"lumierenaturelle64.fr\",\"description\":\"\",\"publisher\":{\"@id\":\"https:\/\/lumierenaturelle64.fr\/#organization\"},\"potentialAction\":[{\"@type\":\"SearchAction\",\"target\":{\"@type\":\"EntryPoint\",\"urlTemplate\":\"https:\/\/lumierenaturelle64.fr\/?s={search_term_string}\"},\"query-input\":{\"@type\":\"PropertyValueSpecification\",\"valueRequired\":true,\"valueName\":\"search_term_string\"}}],\"inLanguage\":\"en-GB\"},{\"@type\":\"Organization\",\"@id\":\"https:\/\/lumierenaturelle64.fr\/#organization\",\"name\":\"lumierenaturelle64.fr\",\"url\":\"https:\/\/lumierenaturelle64.fr\/\",\"logo\":{\"@type\":\"ImageObject\",\"inLanguage\":\"en-GB\",\"@id\":\"https:\/\/lumierenaturelle64.fr\/#\/schema\/logo\/image\/\",\"url\":\"https:\/\/lumierenaturelle64.fr\/wp-content\/uploads\/2022\/10\/Lumiere_Naturelle_2023.jpg\",\"contentUrl\":\"https:\/\/lumierenaturelle64.fr\/wp-content\/uploads\/2022\/10\/Lumiere_Naturelle_2023.jpg\",\"width\":769,\"height\":951,\"caption\":\"lumierenaturelle64.fr\"},\"image\":{\"@id\":\"https:\/\/lumierenaturelle64.fr\/#\/schema\/logo\/image\/\"},\"sameAs\":[\"https:\/\/www.instagram.com\/lumierenature64\/\"]}]}<\/script>\n<!-- \/ Yoast SEO plugin. -->","yoast_head_json":{"title":"Legal information - Lumi\u00e8re Naturelle","robots":{"index":"noindex","follow":"nofollow"},"og_locale":"en_GB","og_type":"article","og_title":"Mentions l\u00e9gales - Lumi\u00e8re Naturelle","og_description":"En vigueur au 1er janvier 2022 Conform\u00e9ment aux dispositions des Articles 6-III et 19 de la Loi n\u00b02004-575 du 21 juin 2004 pour la Confiance dans l\u2019\u00e9conomie num\u00e9rique, dite L.C.E.N., il est port\u00e9 \u00e0 la connaissance des Utilisateurs du site lumierenaturelle64.fr\u00a0les pr\u00e9sentes mentions l\u00e9gales. La connexion et la navigation sur le site lumierenaturelle64.fr par l\u2019Utilisateur [&hellip;]","og_url":"https:\/\/lumierenaturelle64.fr\/en\/mentions-legales\/","og_site_name":"Lumi\u00e8re Naturelle","article_modified_time":"2025-12-03T15:23:22+00:00","twitter_card":"summary_large_image","twitter_misc":{"Estimated reading time":"3 minutes"},"schema":{"@context":"https:\/\/schema.org","@graph":[{"@type":"WebPage","@id":"https:\/\/lumierenaturelle64.fr\/mentions-legales\/","url":"https:\/\/lumierenaturelle64.fr\/mentions-legales\/","name":"Legal information - Lumi\u00e8re Naturelle","isPartOf":{"@id":"https:\/\/lumierenaturelle64.fr\/#website"},"datePublished":"2022-11-02T14:12:06+00:00","dateModified":"2025-12-03T15:23:22+00:00","breadcrumb":{"@id":"https:\/\/lumierenaturelle64.fr\/mentions-legales\/#breadcrumb"},"inLanguage":"en-GB","potentialAction":[{"@type":"ReadAction","target":["https:\/\/lumierenaturelle64.fr\/mentions-legales\/"]}]},{"@type":"BreadcrumbList","@id":"https:\/\/lumierenaturelle64.fr\/mentions-legales\/#breadcrumb","itemListElement":[{"@type":"ListItem","position":1,"name":"Accueil","item":"https:\/\/lumierenaturelle64.fr\/"},{"@type":"ListItem","position":2,"name":"Mentions l\u00e9gales"}]},{"@type":"WebSite","@id":"https:\/\/lumierenaturelle64.fr\/#website","url":"https:\/\/lumierenaturelle64.fr\/","name":"lumierenaturelle64.fr","description":"","publisher":{"@id":"https:\/\/lumierenaturelle64.fr\/#organization"},"potentialAction":[{"@type":"SearchAction","target":{"@type":"EntryPoint","urlTemplate":"https:\/\/lumierenaturelle64.fr\/?s={search_term_string}"},"query-input":{"@type":"PropertyValueSpecification","valueRequired":true,"valueName":"search_term_string"}}],"inLanguage":"en-GB"},{"@type":"Organization","@id":"https:\/\/lumierenaturelle64.fr\/#organization","name":"lumierenaturelle64.fr","url":"https:\/\/lumierenaturelle64.fr\/","logo":{"@type":"ImageObject","inLanguage":"en-GB","@id":"https:\/\/lumierenaturelle64.fr\/#\/schema\/logo\/image\/","url":"https:\/\/lumierenaturelle64.fr\/wp-content\/uploads\/2022\/10\/Lumiere_Naturelle_2023.jpg","contentUrl":"https:\/\/lumierenaturelle64.fr\/wp-content\/uploads\/2022\/10\/Lumiere_Naturelle_2023.jpg","width":769,"height":951,"caption":"lumierenaturelle64.fr"},"image":{"@id":"https:\/\/lumierenaturelle64.fr\/#\/schema\/logo\/image\/"},"sameAs":["https:\/\/www.instagram.com\/lumierenature64\/"]}]}},"_links":{"self":[{"href":"https:\/\/lumierenaturelle64.fr\/en\/wp-json\/wp\/v2\/pages\/1237","targetHints":{"allow":["GET"]}}],"collection":[{"href":"https:\/\/lumierenaturelle64.fr\/en\/wp-json\/wp\/v2\/pages"}],"about":[{"href":"https:\/\/lumierenaturelle64.fr\/en\/wp-json\/wp\/v2\/types\/page"}],"author":[{"embeddable":true,"href":"https:\/\/lumierenaturelle64.fr\/en\/wp-json\/wp\/v2\/users\/1"}],"replies":[{"embeddable":true,"href":"https:\/\/lumierenaturelle64.fr\/en\/wp-json\/wp\/v2\/comments?post=1237"}],"version-history":[{"count":35,"href":"https:\/\/lumierenaturelle64.fr\/en\/wp-json\/wp\/v2\/pages\/1237\/revisions"}],"predecessor-version":[{"id":5176,"href":"https:\/\/lumierenaturelle64.fr\/en\/wp-json\/wp\/v2\/pages\/1237\/revisions\/5176"}],"wp:attachment":[{"href":"https:\/\/lumierenaturelle64.fr\/en\/wp-json\/wp\/v2\/media?parent=1237"}],"curies":[{"name":"wp","href":"https:\/\/api.w.org\/{rel}","templated":true}]}}