{"id":1042,"date":"2022-10-20T11:52:46","date_gmt":"2022-10-20T09:52:46","guid":{"rendered":"https:\/\/lumierenaturelle64.fr\/?page_id=1042"},"modified":"2025-12-21T23:07:56","modified_gmt":"2025-12-21T22:07:56","slug":"equipement-electrique","status":"publish","type":"page","link":"https:\/\/lumierenaturelle64.fr\/es\/equipement-electrique\/","title":{"rendered":"Recomendaciones"},"content":{"rendered":"<div data-elementor-type=\"wp-page\" data-elementor-id=\"1042\" class=\"elementor elementor-1042\" data-elementor-post-type=\"page\">\n\t\t\t\t<div class=\"elementor-element elementor-element-f003c57 e-flex e-con-boxed e-con e-parent\" data-id=\"f003c57\" data-element_type=\"container\" data-e-type=\"container\" data-settings=\"{&quot;shape_divider_bottom&quot;:&quot;waves&quot;,&quot;background_background&quot;:&quot;classic&quot;}\">\n\t\t\t\t\t<div class=\"e-con-inner\">\n\t\t\t\t<div class=\"elementor-shape elementor-shape-bottom\" aria-hidden=\"true\" data-negative=\"false\">\n\t\t\t<svg xmlns=\"http:\/\/www.w3.org\/2000\/svg\" viewbox=\"0 0 1000 100\" preserveaspectratio=\"none\">\n\t<path class=\"elementor-shape-fill\" d=\"M421.9,6.5c22.6-2.5,51.5,0.4,75.5,5.3c23.6,4.9,70.9,23.5,100.5,35.7c75.8,32.2,133.7,44.5,192.6,49.7\tc23.6,2.1,48.7,3.5,103.4-2.5c54.7-6,106.2-25.6,106.2-25.6V0H0v30.3c0,0,72,32.6,158.4,30.5c39.2-0.7,92.8-6.7,134-22.4\tc21.2-8.1,52.2-18.2,79.7-24.2C399.3,7.9,411.6,7.5,421.9,6.5z\"\/>\n<\/svg>\t\t<\/div>\n\t\t<div class=\"elementor-element elementor-element-1d2b87b e-con-full e-flex e-con e-child\" data-id=\"1d2b87b\" data-element_type=\"container\" data-e-type=\"container\">\n\t\t\t\t<div class=\"elementor-element elementor-element-004691d elementor-widget elementor-widget-heading\" data-id=\"004691d\" data-element_type=\"widget\" data-e-type=\"widget\" data-widget_type=\"heading.default\">\n\t\t\t\t<div class=\"elementor-widget-container\">\n\t\t\t\t\t<h1 class=\"elementor-heading-title elementor-size-default\">MIS CREACIONES TIENEN UN AIRE NATURAL<\/h1>\t\t\t\t<\/div>\n\t\t\t\t<\/div>\n\t\t\t\t<\/div>\n\t\t\t\t\t<\/div>\n\t\t\t\t<\/div>\n\t\t<div class=\"elementor-element elementor-element-10be32a e-flex e-con-boxed e-con e-parent\" data-id=\"10be32a\" data-element_type=\"container\" data-e-type=\"container\">\n\t\t\t\t\t<div class=\"e-con-inner\">\n\t\t<div class=\"elementor-element elementor-element-0afca04 e-con-full e-flex e-con e-child\" data-id=\"0afca04\" data-element_type=\"container\" data-e-type=\"container\">\n\t\t\t\t<div class=\"elementor-element elementor-element-770d047 elementor-widget elementor-widget-heading\" data-id=\"770d047\" data-element_type=\"widget\" data-e-type=\"widget\" data-widget_type=\"heading.default\">\n\t\t\t\t<div class=\"elementor-widget-container\">\n\t\t\t\t\t<h5 class=\"elementor-heading-title elementor-size-default\">Recomendaciones sobre la luz natural <\/h5>\t\t\t\t<\/div>\n\t\t\t\t<\/div>\n\t\t\t\t<div class=\"elementor-element elementor-element-462594b elementor-widget__width-inherit elementor-widget elementor-widget-heading\" data-id=\"462594b\" data-element_type=\"widget\" data-e-type=\"widget\" data-widget_type=\"heading.default\">\n\t\t\t\t<div class=\"elementor-widget-container\">\n\t\t\t\t\t<h2 class=\"elementor-heading-title elementor-size-default\">Informaci\u00f3n sobre equipos el\u00e9ctricos<\/h2>\t\t\t\t<\/div>\n\t\t\t\t<\/div>\n\t\t\t\t<div class=\"elementor-element elementor-element-4dbe24f elementor-widget elementor-widget-text-editor\" data-id=\"4dbe24f\" data-element_type=\"widget\" data-e-type=\"widget\" data-widget_type=\"text-editor.default\">\n\t\t\t\t<div class=\"elementor-widget-container\">\n\t\t\t\t\t\t\t\t\t<p><i class=\"fas fa-circle\" style=\"color: #f57d6e; padding-right: 10px;\" aria-hidden=\"true\"><\/i><strong>Uso exclusivo de bombillas LED<\/strong>.<br \/>\u00bfPor qu\u00e9 elegirlas? Porque consumen mucha menos electricidad y no se calientan cuando est\u00e1n encendidos en condiciones normales de uso.<\/p><p><i class=\"fas fa-circle\" style=\"color: #f57d6e; padding-right: 10px;\" aria-hidden=\"true\"><\/i><strong>\u00bfC\u00f3mo elegir la bombilla adecuada para una pantalla Lumi\u00e8re Naturelle?<\/strong><br \/>Todas las pantallas que ofrece<strong> <a href=\"https:\/\/lumierenaturelle64.fr\/es\/abat-jour\/\">Luz natural<\/a> <\/strong>est\u00e1n equipadas con bases E27.<br \/>A excepci\u00f3n de las pantallas recicladas, que suelen llevar un casquillo E14.<\/p><p><i class=\"fas fa-circle\" style=\"color: #f57d6e; padding-right: 10px;\" aria-hidden=\"true\"><\/i><strong>\u00bfC\u00f3mo elijo una bombilla?<\/strong><\/p><p><strong><a href=\"https:\/\/agirpourlatransition.ademe.fr\/particuliers\/amenager-maison\/meubler-equiper\/bien-choisir-eclairage\" target=\"_blank\" rel=\"noopener\">Consejos para elegir la iluminaci\u00f3n adecuada.<\/a><\/strong><\/p><p><i class=\"fas fa-circle\" style=\"color: #f57d6e; padding-right: 10px;\" aria-hidden=\"true\"><\/i><strong>\u00a1El reflejo correcto!<\/strong><br \/>No olvides llevar tus bombillas usadas a un centro de reciclaje o punto de recogida.<br \/>Cerca de ti, est\u00e1 aqu\u00ed: <strong><a href=\"https:\/\/www.ecosystem.eco\/donner-recycler\/equipement\/ampoules\">\u00bfC\u00f3mo y d\u00f3nde puede reciclar sus bombillas usadas?<\/a><\/strong><\/p>\t\t\t\t\t\t\t\t<\/div>\n\t\t\t\t<\/div>\n\t\t\t\t<div class=\"elementor-element elementor-element-3c69b20 elementor-view-default elementor-widget elementor-widget-icon\" data-id=\"3c69b20\" data-element_type=\"widget\" data-e-type=\"widget\" data-widget_type=\"icon.default\">\n\t\t\t\t<div class=\"elementor-widget-container\">\n\t\t\t\t\t\t\t<div class=\"elementor-icon-wrapper\">\n\t\t\t<div class=\"elementor-icon\">\n\t\t\t<i aria-hidden=\"true\" class=\"fas fa-circle\"><\/i>\t\t\t<\/div>\n\t\t<\/div>\n\t\t\t\t\t\t<\/div>\n\t\t\t\t<\/div>\n\t\t\t\t<\/div>\n\t\t<div class=\"elementor-element elementor-element-9babb29 e-con-full e-flex e-con e-child\" data-id=\"9babb29\" data-element_type=\"container\" data-e-type=\"container\">\n\t\t\t\t<div class=\"elementor-element elementor-element-98f881d elementor-invisible elementor-widget elementor-widget-image\" data-id=\"98f881d\" data-element_type=\"widget\" data-e-type=\"widget\" data-settings=\"{&quot;_animation&quot;:&quot;fadeIn&quot;}\" data-widget_type=\"image.default\">\n\t\t\t\t<div class=\"elementor-widget-container\">\n\t\t\t\t\t\t\t\t\t\t\t\t\t\t\t<img fetchpriority=\"high\" decoding=\"async\" width=\"1080\" height=\"1350\" src=\"https:\/\/lumierenaturelle64.fr\/wp-content\/uploads\/2022\/11\/s-lin-carre\u0301.jpg\" class=\"attachment-full size-full wp-image-1543\" alt=\"\" srcset=\"https:\/\/lumierenaturelle64.fr\/wp-content\/uploads\/2022\/11\/s-lin-carre\u0301.jpg 1080w, https:\/\/lumierenaturelle64.fr\/wp-content\/uploads\/2022\/11\/s-lin-carre\u0301-600x750.jpg 600w, https:\/\/lumierenaturelle64.fr\/wp-content\/uploads\/2022\/11\/s-lin-carre\u0301-240x300.jpg 240w, https:\/\/lumierenaturelle64.fr\/wp-content\/uploads\/2022\/11\/s-lin-carre\u0301-819x1024.jpg 819w, https:\/\/lumierenaturelle64.fr\/wp-content\/uploads\/2022\/11\/s-lin-carre\u0301-768x960.jpg 768w\" sizes=\"(max-width: 1080px) 100vw, 1080px\" \/>\t\t\t\t\t\t\t\t\t\t\t\t\t\t\t<\/div>\n\t\t\t\t<\/div>\n\t\t\t\t<\/div>\n\t\t\t\t\t<\/div>\n\t\t\t\t<\/div>\n\t\t\t\t<\/div>","protected":false},"excerpt":{"rendered":"<p>MES CR\u00c9ATIONS ONT LA FIBRE NATURELLE Recommandations de Lumi\u00e8re Naturelle Informations sur l&rsquo;\u00e9quipement \u00e9lectrique Utilisation d\u2019ampoules Led uniquement.Pourquoi ? Parce qu\u2019elles ont la particularit\u00e9 de consommer beaucoup moins d&rsquo;\u00e9lectricit\u00e9 et ne chauffent pas lorsqu&rsquo;elles sont allum\u00e9es dans des conditions normales d&rsquo;utilisation. Comment choisir le type d\u2019ampoule pour un abat-jour Lumi\u00e8re Naturelle ?Tous les abat-jour propos\u00e9s [&hellip;]<\/p>","protected":false},"author":1,"featured_media":0,"parent":0,"menu_order":0,"comment_status":"closed","ping_status":"closed","template":"elementor_header_footer","meta":{"_acf_changed":false,"footnotes":""},"class_list":["post-1042","page","type-page","status-publish","hentry"],"acf":[],"yoast_head":"<!-- This site is optimized with the Yoast SEO plugin v26.4 - https:\/\/yoast.com\/wordpress\/plugins\/seo\/ -->\n<title>Informations sur l&#039;\u00e9quipement \u00e9lectrique - Lumi\u00e8re Naturelle<\/title>\n<meta name=\"description\" content=\"Recommandations sur l&#039;\u00e9quipement \u00e9lectrique. Recyclage de votre mat\u00e9riel d&#039;\u00e9clairage. Comment trouver une d\u00e9chetterie pr\u00e8s de chez-vous.\" \/>\n<meta name=\"robots\" content=\"index, follow, max-snippet:-1, max-image-preview:large, max-video-preview:-1\" \/>\n<link rel=\"canonical\" href=\"https:\/\/lumierenaturelle64.fr\/es\/equipement-electrique\/\" \/>\n<meta property=\"og:locale\" content=\"es_ES\" \/>\n<meta property=\"og:type\" content=\"article\" \/>\n<meta property=\"og:title\" content=\"Informations sur l&#039;\u00e9quipement \u00e9lectrique - Lumi\u00e8re Naturelle\" \/>\n<meta property=\"og:description\" content=\"Recommandations sur l&#039;\u00e9quipement \u00e9lectrique. Recyclage de votre mat\u00e9riel d&#039;\u00e9clairage. Comment trouver une d\u00e9chetterie pr\u00e8s de chez-vous.\" \/>\n<meta property=\"og:url\" content=\"https:\/\/lumierenaturelle64.fr\/es\/equipement-electrique\/\" \/>\n<meta property=\"og:site_name\" content=\"Lumi\u00e8re Naturelle\" \/>\n<meta property=\"article:modified_time\" content=\"2025-12-21T22:07:56+00:00\" \/>\n<meta name=\"twitter:card\" content=\"summary_large_image\" \/>\n<meta name=\"twitter:label1\" content=\"Tiempo de lectura\" \/>\n\t<meta name=\"twitter:data1\" content=\"1 minuto\" \/>\n<script type=\"application\/ld+json\" class=\"yoast-schema-graph\">{\"@context\":\"https:\/\/schema.org\",\"@graph\":[{\"@type\":\"WebPage\",\"@id\":\"https:\/\/lumierenaturelle64.fr\/equipement-electrique\/\",\"url\":\"https:\/\/lumierenaturelle64.fr\/equipement-electrique\/\",\"name\":\"Informations sur l'\u00e9quipement \u00e9lectrique - Lumi\u00e8re Naturelle\",\"isPartOf\":{\"@id\":\"https:\/\/lumierenaturelle64.fr\/#website\"},\"datePublished\":\"2022-10-20T09:52:46+00:00\",\"dateModified\":\"2025-12-21T22:07:56+00:00\",\"description\":\"Recommandations sur l'\u00e9quipement \u00e9lectrique. Recyclage de votre mat\u00e9riel d'\u00e9clairage. Comment trouver une d\u00e9chetterie pr\u00e8s de chez-vous.\",\"breadcrumb\":{\"@id\":\"https:\/\/lumierenaturelle64.fr\/equipement-electrique\/#breadcrumb\"},\"inLanguage\":\"es\",\"potentialAction\":[{\"@type\":\"ReadAction\",\"target\":[\"https:\/\/lumierenaturelle64.fr\/equipement-electrique\/\"]}]},{\"@type\":\"BreadcrumbList\",\"@id\":\"https:\/\/lumierenaturelle64.fr\/equipement-electrique\/#breadcrumb\",\"itemListElement\":[{\"@type\":\"ListItem\",\"position\":1,\"name\":\"Accueil\",\"item\":\"https:\/\/lumierenaturelle64.fr\/\"},{\"@type\":\"ListItem\",\"position\":2,\"name\":\"Recommandations\"}]},{\"@type\":\"WebSite\",\"@id\":\"https:\/\/lumierenaturelle64.fr\/#website\",\"url\":\"https:\/\/lumierenaturelle64.fr\/\",\"name\":\"lumierenaturelle64.fr\",\"description\":\"\",\"publisher\":{\"@id\":\"https:\/\/lumierenaturelle64.fr\/#organization\"},\"potentialAction\":[{\"@type\":\"SearchAction\",\"target\":{\"@type\":\"EntryPoint\",\"urlTemplate\":\"https:\/\/lumierenaturelle64.fr\/?s={search_term_string}\"},\"query-input\":{\"@type\":\"PropertyValueSpecification\",\"valueRequired\":true,\"valueName\":\"search_term_string\"}}],\"inLanguage\":\"es\"},{\"@type\":\"Organization\",\"@id\":\"https:\/\/lumierenaturelle64.fr\/#organization\",\"name\":\"lumierenaturelle64.fr\",\"url\":\"https:\/\/lumierenaturelle64.fr\/\",\"logo\":{\"@type\":\"ImageObject\",\"inLanguage\":\"es\",\"@id\":\"https:\/\/lumierenaturelle64.fr\/#\/schema\/logo\/image\/\",\"url\":\"https:\/\/lumierenaturelle64.fr\/wp-content\/uploads\/2022\/10\/Lumiere_Naturelle_2023.jpg\",\"contentUrl\":\"https:\/\/lumierenaturelle64.fr\/wp-content\/uploads\/2022\/10\/Lumiere_Naturelle_2023.jpg\",\"width\":769,\"height\":951,\"caption\":\"lumierenaturelle64.fr\"},\"image\":{\"@id\":\"https:\/\/lumierenaturelle64.fr\/#\/schema\/logo\/image\/\"},\"sameAs\":[\"https:\/\/www.instagram.com\/lumierenature64\/\"]}]}<\/script>\n<!-- \/ Yoast SEO plugin. -->","yoast_head_json":{"title":"Informations sur l'\u00e9quipement \u00e9lectrique - Lumi\u00e8re Naturelle","description":"Recommandations sur l'\u00e9quipement \u00e9lectrique. Recyclage de votre mat\u00e9riel d'\u00e9clairage. Comment trouver une d\u00e9chetterie pr\u00e8s de chez-vous.","robots":{"index":"index","follow":"follow","max-snippet":"max-snippet:-1","max-image-preview":"max-image-preview:large","max-video-preview":"max-video-preview:-1"},"canonical":"https:\/\/lumierenaturelle64.fr\/es\/equipement-electrique\/","og_locale":"es_ES","og_type":"article","og_title":"Informations sur l'\u00e9quipement \u00e9lectrique - Lumi\u00e8re Naturelle","og_description":"Recommandations sur l'\u00e9quipement \u00e9lectrique. Recyclage de votre mat\u00e9riel d'\u00e9clairage. Comment trouver une d\u00e9chetterie pr\u00e8s de chez-vous.","og_url":"https:\/\/lumierenaturelle64.fr\/es\/equipement-electrique\/","og_site_name":"Lumi\u00e8re Naturelle","article_modified_time":"2025-12-21T22:07:56+00:00","twitter_card":"summary_large_image","twitter_misc":{"Tiempo de lectura":"1 minuto"},"schema":{"@context":"https:\/\/schema.org","@graph":[{"@type":"WebPage","@id":"https:\/\/lumierenaturelle64.fr\/equipement-electrique\/","url":"https:\/\/lumierenaturelle64.fr\/equipement-electrique\/","name":"Informations sur l'\u00e9quipement \u00e9lectrique - Lumi\u00e8re Naturelle","isPartOf":{"@id":"https:\/\/lumierenaturelle64.fr\/#website"},"datePublished":"2022-10-20T09:52:46+00:00","dateModified":"2025-12-21T22:07:56+00:00","description":"Recommandations sur l'\u00e9quipement \u00e9lectrique. Recyclage de votre mat\u00e9riel d'\u00e9clairage. Comment trouver une d\u00e9chetterie pr\u00e8s de chez-vous.","breadcrumb":{"@id":"https:\/\/lumierenaturelle64.fr\/equipement-electrique\/#breadcrumb"},"inLanguage":"es","potentialAction":[{"@type":"ReadAction","target":["https:\/\/lumierenaturelle64.fr\/equipement-electrique\/"]}]},{"@type":"BreadcrumbList","@id":"https:\/\/lumierenaturelle64.fr\/equipement-electrique\/#breadcrumb","itemListElement":[{"@type":"ListItem","position":1,"name":"Accueil","item":"https:\/\/lumierenaturelle64.fr\/"},{"@type":"ListItem","position":2,"name":"Recommandations"}]},{"@type":"WebSite","@id":"https:\/\/lumierenaturelle64.fr\/#website","url":"https:\/\/lumierenaturelle64.fr\/","name":"lumierenaturelle64.fr","description":"","publisher":{"@id":"https:\/\/lumierenaturelle64.fr\/#organization"},"potentialAction":[{"@type":"SearchAction","target":{"@type":"EntryPoint","urlTemplate":"https:\/\/lumierenaturelle64.fr\/?s={search_term_string}"},"query-input":{"@type":"PropertyValueSpecification","valueRequired":true,"valueName":"search_term_string"}}],"inLanguage":"es"},{"@type":"Organization","@id":"https:\/\/lumierenaturelle64.fr\/#organization","name":"lumierenaturelle64.fr","url":"https:\/\/lumierenaturelle64.fr\/","logo":{"@type":"ImageObject","inLanguage":"es","@id":"https:\/\/lumierenaturelle64.fr\/#\/schema\/logo\/image\/","url":"https:\/\/lumierenaturelle64.fr\/wp-content\/uploads\/2022\/10\/Lumiere_Naturelle_2023.jpg","contentUrl":"https:\/\/lumierenaturelle64.fr\/wp-content\/uploads\/2022\/10\/Lumiere_Naturelle_2023.jpg","width":769,"height":951,"caption":"lumierenaturelle64.fr"},"image":{"@id":"https:\/\/lumierenaturelle64.fr\/#\/schema\/logo\/image\/"},"sameAs":["https:\/\/www.instagram.com\/lumierenature64\/"]}]}},"_links":{"self":[{"href":"https:\/\/lumierenaturelle64.fr\/es\/wp-json\/wp\/v2\/pages\/1042","targetHints":{"allow":["GET"]}}],"collection":[{"href":"https:\/\/lumierenaturelle64.fr\/es\/wp-json\/wp\/v2\/pages"}],"about":[{"href":"https:\/\/lumierenaturelle64.fr\/es\/wp-json\/wp\/v2\/types\/page"}],"author":[{"embeddable":true,"href":"https:\/\/lumierenaturelle64.fr\/es\/wp-json\/wp\/v2\/users\/1"}],"replies":[{"embeddable":true,"href":"https:\/\/lumierenaturelle64.fr\/es\/wp-json\/wp\/v2\/comments?post=1042"}],"version-history":[{"count":207,"href":"https:\/\/lumierenaturelle64.fr\/es\/wp-json\/wp\/v2\/pages\/1042\/revisions"}],"predecessor-version":[{"id":5470,"href":"https:\/\/lumierenaturelle64.fr\/es\/wp-json\/wp\/v2\/pages\/1042\/revisions\/5470"}],"wp:attachment":[{"href":"https:\/\/lumierenaturelle64.fr\/es\/wp-json\/wp\/v2\/media?parent=1042"}],"curies":[{"name":"wp","href":"https:\/\/api.w.org\/{rel}","templated":true}]}}