{"id":1232,"date":"2022-11-02T15:06:32","date_gmt":"2022-11-02T14:06:32","guid":{"rendered":"https:\/\/lumierenaturelle64.fr\/?page_id=1232"},"modified":"2025-12-03T16:23:47","modified_gmt":"2025-12-03T15:23:47","slug":"politique-de-confidentialite","status":"publish","type":"page","link":"https:\/\/lumierenaturelle64.fr\/es\/politique-de-confidentialite\/","title":{"rendered":"Pol\u00edtica de privacidad"},"content":{"rendered":"<div data-elementor-type=\"wp-page\" data-elementor-id=\"1232\" class=\"elementor elementor-1232\" data-elementor-post-type=\"page\">\n\t\t\t\t\t\t<section class=\"elementor-section elementor-top-section elementor-element elementor-element-80dabba elementor-section-boxed elementor-section-height-default elementor-section-height-default\" data-id=\"80dabba\" data-element_type=\"section\" data-e-type=\"section\">\n\t\t\t\t\t\t<div class=\"elementor-container elementor-column-gap-default\">\n\t\t\t\t\t<div class=\"elementor-column elementor-col-100 elementor-top-column elementor-element elementor-element-a6c3a00\" data-id=\"a6c3a00\" data-element_type=\"column\" data-e-type=\"column\">\n\t\t\t<div class=\"elementor-widget-wrap elementor-element-populated\">\n\t\t\t\t\t\t<div class=\"elementor-element elementor-element-dce8e2e elementor-widget elementor-widget-text-editor\" data-id=\"dce8e2e\" data-element_type=\"widget\" data-e-type=\"widget\" data-widget_type=\"text-editor.default\">\n\t\t\t\t<div class=\"elementor-widget-container\">\n\t\t\t\t\t\t\t\t\t<p>\u00a0<\/p><h5>Definiciones :<\/h5><p><strong>La editorial<\/strong>\u00a0La persona f\u00edsica o jur\u00eddica que publica los servicios de comunicaci\u00f3n p\u00fablica en l\u00ednea.<br \/><strong>El sitio<\/strong>\u00a0Todos los sitios, p\u00e1ginas web y servicios en l\u00ednea ofrecidos por la Editorial.<br \/><strong>El usuario<\/strong>\u00a0La persona que utiliza el Sitio y los servicios.<\/p><h5>Tipo de datos recogidos<\/h5><p><strong>Al utilizar los Sitios, el Editor puede recopilar las siguientes categor\u00edas de datos sobre sus Usuarios:<\/strong><\/p><p>Datos de estado civil, identidad e identificaci\u00f3n...<\/p><p>Datos de conexi\u00f3n (direcciones IP, registros de eventos, etc.)<\/p><h5>Agregaci\u00f3n de datos<\/h5><p><strong>Agregaci\u00f3n con datos no personales<\/strong><br \/>Podemos publicar, divulgar y utilizar Informaci\u00f3n Agregada (informaci\u00f3n sobre todos nuestros Usuarios o grupos o categor\u00edas espec\u00edficos de Usuarios que combinamos de modo que ya no se pueda identificar o hacer referencia a un Usuario individual) e Informaci\u00f3n No Personal para an\u00e1lisis de la industria y del mercado, elaboraci\u00f3n de perfiles demogr\u00e1ficos, fines promocionales y publicitarios y otros fines comerciales.<\/p><p><strong>Agregaci\u00f3n con datos personales disponibles en las cuentas sociales del Usuario<\/strong><br \/>Si conecta su cuenta a la de otro servicio con el fin de realizar env\u00edos cruzados, dicho servicio podr\u00e1 compartir con nosotros su perfil e informaci\u00f3n de inicio de sesi\u00f3n, as\u00ed como cualquier otra informaci\u00f3n que haya autorizado compartir. Podemos agregar informaci\u00f3n sobre todos nuestros otros Usuarios, grupos, cuentas, con los datos personales disponibles sobre el Usuario.<\/p><h5>Cookies<\/h5><p><strong>Per\u00edodo de conservaci\u00f3n de cookies<\/strong><br \/>De conformidad con las recomendaciones de la CNIL, las cookies se conservan durante un m\u00e1ximo de 13 meses desde que se colocan por primera vez en el terminal del Usuario, al igual que el periodo de validez del consentimiento del Usuario para el uso de estas cookies. La vida \u00fatil de las cookies no se prolonga con cada visita. Por lo tanto, el consentimiento del Usuario debe renovarse al final de este per\u00edodo.<\/p><p><strong>Finalidad de las cookies<\/strong><br \/>Las cookies pueden utilizarse con fines estad\u00edsticos, en particular para optimizar los servicios prestados al Usuario, mediante el tratamiento de informaci\u00f3n relativa a la frecuencia de acceso, la personalizaci\u00f3n de las p\u00e1ginas, las operaciones realizadas y la informaci\u00f3n consultada.<br \/>Se le informa de que el Editor puede colocar cookies en su terminal. La cookie registra informaci\u00f3n relativa a su navegaci\u00f3n en el servicio (las p\u00e1ginas que ha visitado, la fecha y la hora de la visita, etc.) que podremos leer en sus visitas posteriores.<\/p><h5>Conservaci\u00f3n de datos t\u00e9cnicos<\/h5><p><strong>Per\u00edodo de conservaci\u00f3n de los datos t\u00e9cnicos\u00a0<\/strong><br \/>Los datos t\u00e9cnicos se conservan durante el tiempo estrictamente necesario para los fines arriba indicados.<\/p><h5>Per\u00edodos de conservaci\u00f3n y anonimizaci\u00f3n de datos personales<\/h5><p><strong>Eliminaci\u00f3n de datos tras el borrado de la cuenta\u00a0<\/strong><br \/>Existen procedimientos de depuraci\u00f3n de datos para garantizar que los datos se supriman efectivamente en cuanto se alcance el periodo de conservaci\u00f3n o archivo necesario para cumplir los fines especificados o impuestos. De conformidad con la Ley francesa de Protecci\u00f3n de Datos n\u00ba 78-17 de 6 de enero de 1978, usted tambi\u00e9n dispone de un derecho de supresi\u00f3n de sus datos, que puede ejercer en cualquier momento poni\u00e9ndose en contacto con el Editor.<\/p><p><strong>Supresi\u00f3n de datos tras 3 a\u00f1os de inactividad\u00a0<\/strong><br \/>Por razones de seguridad, si no se ha conectado al sitio durante un periodo de tres a\u00f1os, recibir\u00e1 un correo electr\u00f3nico invit\u00e1ndole a conectarse lo antes posible; de lo contrario, sus datos se eliminar\u00e1n de nuestras bases de datos.<\/p><h5>Eliminar una cuenta<\/h5><p><strong>Eliminaci\u00f3n de la cuenta previa solicitud\u00a0<\/strong><br \/>El Usuario puede eliminar su Cuenta en cualquier momento, mediante una simple solicitud al Editor O a trav\u00e9s del men\u00fa de eliminaci\u00f3n de la Cuenta en la configuraci\u00f3n de la Cuenta, si procede.<\/p><p><strong>Eliminaci\u00f3n de la cuenta en caso de incumplimiento de la CGU\u00a0<\/strong><br \/>Si incumple alguna de las disposiciones de las Condiciones de servicio o de cualquier otro documento incorporado al presente documento por referencia, el Editor se reserva el derecho de cancelar o restringir, sin previo aviso y a su entera discreci\u00f3n, el uso y el acceso a los servicios, a su cuenta y a todos los Sitios.<\/p><h5>Indicaciones en caso de vulnerabilidad de seguridad detectada por el Editor<\/h5><p><strong>Informar al usuario en caso de violaci\u00f3n de la seguridad\u00a0<\/strong><br \/>Nos comprometemos a aplicar todas las medidas t\u00e9cnicas y organizativas apropiadas para garantizar un nivel de seguridad adecuado a los riesgos de acceso accidental, no autorizado o ilegal, divulgaci\u00f3n, alteraci\u00f3n, p\u00e9rdida o destrucci\u00f3n de sus datos personales. En caso de que tengamos conocimiento de un acceso il\u00edcito a sus datos personales almacenados en nuestros servidores o en los de nuestros proveedores de servicios, o de un acceso no autorizado que d\u00e9 lugar a los riesgos antes se\u00f1alados, nos comprometemos a :<\/p><ul><li>Notificarle el incidente lo antes posible; ;<\/li><li>Examinar las causas del incidente e informarle; ;<\/li><li>Adoptar las medidas necesarias, dentro de unos l\u00edmites razonables, para paliar los efectos negativos y los da\u00f1os que puedan derivarse de dicho incidente.<\/li><\/ul><p><strong>Limitaci\u00f3n de responsabilidad\u00a0<\/strong><br \/>En ning\u00fan caso los compromisos expuestos en el punto anterior relativos a la notificaci\u00f3n en caso de violaci\u00f3n de la seguridad podr\u00e1n asimilarse a un reconocimiento de culpa o responsabilidad por la ocurrencia del incidente en cuesti\u00f3n.<\/p><h5>Modificaci\u00f3n de la GTCU y de la pol\u00edtica de confidencialidad<\/h5><p><strong>En caso de modificaci\u00f3n de las presentes condiciones de uso, el compromiso de no reducir sustancialmente el nivel de confidencialidad sin informar previamente a las personas afectadas.\u00a0<\/strong><br \/>Nos comprometemos a informarle en caso de modificaci\u00f3n sustancial de las presentes CGU y a no reducir sustancialmente el nivel de confidencialidad de sus datos sin informarle y obtener su consentimiento.<\/p><p>\u00a0<\/p>\t\t\t\t\t\t\t\t<\/div>\n\t\t\t\t<\/div>\n\t\t\t\t\t<\/div>\n\t\t<\/div>\n\t\t\t\t\t<\/div>\n\t\t<\/section>\n\t\t\t\t<\/div>","protected":false},"excerpt":{"rendered":"<p>D\u00e9finitions\u00a0: L\u2019\u00c9diteur\u00a0: La personne, physique ou morale, qui \u00e9dite les services de communication au public en ligne. Le Site\u00a0: L\u2019ensemble des sites, pages Internet et services en ligne propos\u00e9s par l\u2019\u00c9diteur. L\u2019Utilisateur\u00a0: La personne utilisant le Site et les services. Nature des donn\u00e9es collect\u00e9es Dans le cadre de l\u2019utilisation des Sites, l\u2019\u00c9diteur est susceptible de [&hellip;]<\/p>","protected":false},"author":1,"featured_media":0,"parent":0,"menu_order":0,"comment_status":"closed","ping_status":"closed","template":"","meta":{"_acf_changed":false,"footnotes":""},"class_list":["post-1232","page","type-page","status-publish","hentry"],"acf":[],"yoast_head":"<!-- This site is optimized with the Yoast SEO plugin v26.4 - https:\/\/yoast.com\/wordpress\/plugins\/seo\/ -->\n<title>Politique de confidentialit\u00e9 - Lumi\u00e8re Naturelle<\/title>\n<meta name=\"robots\" content=\"noindex, nofollow\" \/>\n<meta property=\"og:locale\" content=\"es_ES\" \/>\n<meta property=\"og:type\" content=\"article\" \/>\n<meta property=\"og:title\" content=\"Politique de confidentialit\u00e9 - Lumi\u00e8re Naturelle\" \/>\n<meta property=\"og:description\" content=\"D\u00e9finitions\u00a0: L\u2019\u00c9diteur\u00a0: La personne, physique ou morale, qui \u00e9dite les services de communication au public en ligne. Le Site\u00a0: L\u2019ensemble des sites, pages Internet et services en ligne propos\u00e9s par l\u2019\u00c9diteur. L\u2019Utilisateur\u00a0: La personne utilisant le Site et les services. Nature des donn\u00e9es collect\u00e9es Dans le cadre de l\u2019utilisation des Sites, l\u2019\u00c9diteur est susceptible de [&hellip;]\" \/>\n<meta property=\"og:url\" content=\"https:\/\/lumierenaturelle64.fr\/es\/politique-de-confidentialite\/\" \/>\n<meta property=\"og:site_name\" content=\"Lumi\u00e8re Naturelle\" \/>\n<meta property=\"article:modified_time\" content=\"2025-12-03T15:23:47+00:00\" \/>\n<meta name=\"twitter:card\" content=\"summary_large_image\" \/>\n<meta name=\"twitter:label1\" content=\"Tiempo de lectura\" \/>\n\t<meta name=\"twitter:data1\" content=\"5 minutos\" \/>\n<script type=\"application\/ld+json\" class=\"yoast-schema-graph\">{\"@context\":\"https:\/\/schema.org\",\"@graph\":[{\"@type\":\"WebPage\",\"@id\":\"https:\/\/lumierenaturelle64.fr\/politique-de-confidentialite\/\",\"url\":\"https:\/\/lumierenaturelle64.fr\/politique-de-confidentialite\/\",\"name\":\"Politique de confidentialit\u00e9 - Lumi\u00e8re Naturelle\",\"isPartOf\":{\"@id\":\"https:\/\/lumierenaturelle64.fr\/#website\"},\"datePublished\":\"2022-11-02T14:06:32+00:00\",\"dateModified\":\"2025-12-03T15:23:47+00:00\",\"breadcrumb\":{\"@id\":\"https:\/\/lumierenaturelle64.fr\/politique-de-confidentialite\/#breadcrumb\"},\"inLanguage\":\"es\",\"potentialAction\":[{\"@type\":\"ReadAction\",\"target\":[\"https:\/\/lumierenaturelle64.fr\/politique-de-confidentialite\/\"]}]},{\"@type\":\"BreadcrumbList\",\"@id\":\"https:\/\/lumierenaturelle64.fr\/politique-de-confidentialite\/#breadcrumb\",\"itemListElement\":[{\"@type\":\"ListItem\",\"position\":1,\"name\":\"Accueil\",\"item\":\"https:\/\/lumierenaturelle64.fr\/\"},{\"@type\":\"ListItem\",\"position\":2,\"name\":\"Politique de confidentialit\u00e9\"}]},{\"@type\":\"WebSite\",\"@id\":\"https:\/\/lumierenaturelle64.fr\/#website\",\"url\":\"https:\/\/lumierenaturelle64.fr\/\",\"name\":\"lumierenaturelle64.fr\",\"description\":\"\",\"publisher\":{\"@id\":\"https:\/\/lumierenaturelle64.fr\/#organization\"},\"potentialAction\":[{\"@type\":\"SearchAction\",\"target\":{\"@type\":\"EntryPoint\",\"urlTemplate\":\"https:\/\/lumierenaturelle64.fr\/?s={search_term_string}\"},\"query-input\":{\"@type\":\"PropertyValueSpecification\",\"valueRequired\":true,\"valueName\":\"search_term_string\"}}],\"inLanguage\":\"es\"},{\"@type\":\"Organization\",\"@id\":\"https:\/\/lumierenaturelle64.fr\/#organization\",\"name\":\"lumierenaturelle64.fr\",\"url\":\"https:\/\/lumierenaturelle64.fr\/\",\"logo\":{\"@type\":\"ImageObject\",\"inLanguage\":\"es\",\"@id\":\"https:\/\/lumierenaturelle64.fr\/#\/schema\/logo\/image\/\",\"url\":\"https:\/\/lumierenaturelle64.fr\/wp-content\/uploads\/2022\/10\/Lumiere_Naturelle_2023.jpg\",\"contentUrl\":\"https:\/\/lumierenaturelle64.fr\/wp-content\/uploads\/2022\/10\/Lumiere_Naturelle_2023.jpg\",\"width\":769,\"height\":951,\"caption\":\"lumierenaturelle64.fr\"},\"image\":{\"@id\":\"https:\/\/lumierenaturelle64.fr\/#\/schema\/logo\/image\/\"},\"sameAs\":[\"https:\/\/www.instagram.com\/lumierenature64\/\"]}]}<\/script>\n<!-- \/ Yoast SEO plugin. -->","yoast_head_json":{"title":"Politique de confidentialit\u00e9 - Lumi\u00e8re Naturelle","robots":{"index":"noindex","follow":"nofollow"},"og_locale":"es_ES","og_type":"article","og_title":"Politique de confidentialit\u00e9 - Lumi\u00e8re Naturelle","og_description":"D\u00e9finitions\u00a0: L\u2019\u00c9diteur\u00a0: La personne, physique ou morale, qui \u00e9dite les services de communication au public en ligne. Le Site\u00a0: L\u2019ensemble des sites, pages Internet et services en ligne propos\u00e9s par l\u2019\u00c9diteur. L\u2019Utilisateur\u00a0: La personne utilisant le Site et les services. Nature des donn\u00e9es collect\u00e9es Dans le cadre de l\u2019utilisation des Sites, l\u2019\u00c9diteur est susceptible de [&hellip;]","og_url":"https:\/\/lumierenaturelle64.fr\/es\/politique-de-confidentialite\/","og_site_name":"Lumi\u00e8re Naturelle","article_modified_time":"2025-12-03T15:23:47+00:00","twitter_card":"summary_large_image","twitter_misc":{"Tiempo de lectura":"5 minutos"},"schema":{"@context":"https:\/\/schema.org","@graph":[{"@type":"WebPage","@id":"https:\/\/lumierenaturelle64.fr\/politique-de-confidentialite\/","url":"https:\/\/lumierenaturelle64.fr\/politique-de-confidentialite\/","name":"Politique de confidentialit\u00e9 - Lumi\u00e8re Naturelle","isPartOf":{"@id":"https:\/\/lumierenaturelle64.fr\/#website"},"datePublished":"2022-11-02T14:06:32+00:00","dateModified":"2025-12-03T15:23:47+00:00","breadcrumb":{"@id":"https:\/\/lumierenaturelle64.fr\/politique-de-confidentialite\/#breadcrumb"},"inLanguage":"es","potentialAction":[{"@type":"ReadAction","target":["https:\/\/lumierenaturelle64.fr\/politique-de-confidentialite\/"]}]},{"@type":"BreadcrumbList","@id":"https:\/\/lumierenaturelle64.fr\/politique-de-confidentialite\/#breadcrumb","itemListElement":[{"@type":"ListItem","position":1,"name":"Accueil","item":"https:\/\/lumierenaturelle64.fr\/"},{"@type":"ListItem","position":2,"name":"Politique de confidentialit\u00e9"}]},{"@type":"WebSite","@id":"https:\/\/lumierenaturelle64.fr\/#website","url":"https:\/\/lumierenaturelle64.fr\/","name":"lumierenaturelle64.fr","description":"","publisher":{"@id":"https:\/\/lumierenaturelle64.fr\/#organization"},"potentialAction":[{"@type":"SearchAction","target":{"@type":"EntryPoint","urlTemplate":"https:\/\/lumierenaturelle64.fr\/?s={search_term_string}"},"query-input":{"@type":"PropertyValueSpecification","valueRequired":true,"valueName":"search_term_string"}}],"inLanguage":"es"},{"@type":"Organization","@id":"https:\/\/lumierenaturelle64.fr\/#organization","name":"lumierenaturelle64.fr","url":"https:\/\/lumierenaturelle64.fr\/","logo":{"@type":"ImageObject","inLanguage":"es","@id":"https:\/\/lumierenaturelle64.fr\/#\/schema\/logo\/image\/","url":"https:\/\/lumierenaturelle64.fr\/wp-content\/uploads\/2022\/10\/Lumiere_Naturelle_2023.jpg","contentUrl":"https:\/\/lumierenaturelle64.fr\/wp-content\/uploads\/2022\/10\/Lumiere_Naturelle_2023.jpg","width":769,"height":951,"caption":"lumierenaturelle64.fr"},"image":{"@id":"https:\/\/lumierenaturelle64.fr\/#\/schema\/logo\/image\/"},"sameAs":["https:\/\/www.instagram.com\/lumierenature64\/"]}]}},"_links":{"self":[{"href":"https:\/\/lumierenaturelle64.fr\/es\/wp-json\/wp\/v2\/pages\/1232","targetHints":{"allow":["GET"]}}],"collection":[{"href":"https:\/\/lumierenaturelle64.fr\/es\/wp-json\/wp\/v2\/pages"}],"about":[{"href":"https:\/\/lumierenaturelle64.fr\/es\/wp-json\/wp\/v2\/types\/page"}],"author":[{"embeddable":true,"href":"https:\/\/lumierenaturelle64.fr\/es\/wp-json\/wp\/v2\/users\/1"}],"replies":[{"embeddable":true,"href":"https:\/\/lumierenaturelle64.fr\/es\/wp-json\/wp\/v2\/comments?post=1232"}],"version-history":[{"count":9,"href":"https:\/\/lumierenaturelle64.fr\/es\/wp-json\/wp\/v2\/pages\/1232\/revisions"}],"predecessor-version":[{"id":3592,"href":"https:\/\/lumierenaturelle64.fr\/es\/wp-json\/wp\/v2\/pages\/1232\/revisions\/3592"}],"wp:attachment":[{"href":"https:\/\/lumierenaturelle64.fr\/es\/wp-json\/wp\/v2\/media?parent=1232"}],"curies":[{"name":"wp","href":"https:\/\/api.w.org\/{rel}","templated":true}]}}