{"id":1237,"date":"2022-11-02T15:12:06","date_gmt":"2022-11-02T14:12:06","guid":{"rendered":"https:\/\/lumierenaturelle64.fr\/?page_id=1237"},"modified":"2025-12-03T16:23:22","modified_gmt":"2025-12-03T15:23:22","slug":"mentions-legales","status":"publish","type":"page","link":"https:\/\/lumierenaturelle64.fr\/es\/mentions-legales\/","title":{"rendered":"Mentions l\u00e9gales"},"content":{"rendered":"<div data-elementor-type=\"wp-page\" data-elementor-id=\"1237\" class=\"elementor elementor-1237\" data-elementor-post-type=\"page\">\n\t\t\t\t\t\t<section class=\"elementor-section elementor-top-section elementor-element elementor-element-b093df8 elementor-section-boxed elementor-section-height-default elementor-section-height-default\" data-id=\"b093df8\" data-element_type=\"section\" data-e-type=\"section\">\n\t\t\t\t\t\t<div class=\"elementor-container elementor-column-gap-default\">\n\t\t\t\t\t<div class=\"elementor-column elementor-col-100 elementor-top-column elementor-element elementor-element-65c8fa8\" data-id=\"65c8fa8\" data-element_type=\"column\" data-e-type=\"column\">\n\t\t\t<div class=\"elementor-widget-wrap elementor-element-populated\">\n\t\t\t\t\t\t<div class=\"elementor-element elementor-element-d8c2a94 elementor-widget elementor-widget-text-editor\" data-id=\"d8c2a94\" data-element_type=\"widget\" data-e-type=\"widget\" data-widget_type=\"text-editor.default\">\n\t\t\t\t<div class=\"elementor-widget-container\">\n\t\t\t\t\t\t\t\t\t<div><p align=\"center\">A partir del 1 de enero de 2022<\/p><\/div><div><p class=\"Paragraphe\" align=\"center\">\u00a0<\/p><\/div><div><p class=\"Paragraphe\" align=\"center\">\u00a0<\/p><\/div><div><p class=\"Paragraphe\">De conformidad con lo dispuesto en los art\u00edculos 6-III y 19 de la Ley n\u00ba 2004-575 de 21 de junio de 2004 sobre la confianza en la econom\u00eda digital, conocida como L.C.E.N., se informa a los usuarios del sitio de que <strong>lumierenaturelle64.fr<\/strong>\u00a0el presente aviso legal.<\/p><\/div><div><p class=\"Paragraphe\">Conectarse y navegar por el sitio <strong>lumierenaturelle64.fr<\/strong> por parte del Usuario implica la aceptaci\u00f3n plena y sin reservas de estos avisos legales.<\/p><\/div><div><p class=\"Paragraphe\">Est\u00e1n disponibles en el sitio web bajo el ep\u00edgrafe \u00ab<a href=\"https:\/\/lumierenaturelle64.fr\/es\/politiques-de-confidentialites\/\">Pol\u00edtica de privacidad<\/a>\u00bb.<\/p><\/div><div><h1>\u00a0<\/h1><\/div><div><h5>ART\u00cdCULO 1 : El editor<\/h5><\/div><div><h1>\u00a0<\/h1><\/div><div><p class=\"Paragraphe\">Publicaci\u00f3n del sitio <strong>lumierenaturelle64.fr<\/strong>\u00a0es proporcionada por la empresa individual Lumi\u00e8re Naturelle, cuyo domicilio social se encuentra en 2 ter avenue de Jouandin, 64100 Bayonne, n\u00famero de tel\u00e9fono 06 15 54 18 00, direcci\u00f3n de correo electr\u00f3nico: lumierenaturelle@ecomail.fr.<\/p><p>SIRET: 90068313700013<\/p><\/div><div><p class=\"Paragraphe\">La Directora de Publicaciones es Odile Wajou<\/p><\/div><div><h1>\u00a0<\/h1><\/div><div><h5>ART\u00cdCULO 2 : El anfitri\u00f3n<\/h5><\/div><div><h1>\u00a0<\/h1><\/div><div><p class=\"Paragraphe\">El anfitri\u00f3n del sitio <strong>lumierenaturelle64.fr<\/strong>\u00a0es OVH, con domicilio social en 2, rue Kellermann, 59100 Roubaix, y n\u00famero de tel\u00e9fono 1007.<\/p><\/div><div><h1>\u00a0<\/h1><\/div><div><h5>ART\u00cdCULO 3: Acceso al recinto<\/h5><\/div><div><h1>\u00a0<\/h1><\/div><div><p class=\"Paragraphe\">Se puede acceder al sitio desde cualquier lugar, 7 d\u00edas a la semana, 24 horas al d\u00eda, salvo en casos de fuerza mayor, interrupciones programadas o no programadas que puedan derivarse de necesidades de mantenimiento.<\/p><\/div><div><p class=\"Paragraphe\">En caso de modificaci\u00f3n, interrupci\u00f3n o suspensi\u00f3n de los servicios el sitio <strong>lumierenaturelle64.fr<\/strong>\u00a0no se hace responsable.<\/p><\/div><div><h1>\u00a0<\/h1><\/div><div><h5>ART\u00cdCULO 4: Recogida de datos<\/h5><\/div><div><h1>\u00a0<\/h1><\/div><div><p class=\"Paragraphe\">El sitio garantiza que la informaci\u00f3n personal del Usuario se recopila y procesa con el debido respeto a la privacidad, de conformidad con la Ley francesa de Protecci\u00f3n de Datos n\u00ba 78-17 de 6 de enero de 1978.<\/p><\/div><div><p class=\"Paragraphe\">De conformidad con la Ley francesa de Protecci\u00f3n de Datos de 6 de enero de 1978, el Usuario dispone de un derecho de acceso, rectificaci\u00f3n, supresi\u00f3n y oposici\u00f3n a sus datos personales. El Usuario puede ejercer este derecho: poni\u00e9ndose en contacto con nosotros por correo electr\u00f3nico lumierenaturelle@ecomail.fr<\/p><\/div><div><h1>\u00a0<\/h1><\/div><div><h5>ART\u00cdCULO 5: Cookies<\/h5><\/div><div><h1>\u00a0<\/h1><\/div><div><p class=\"Paragraphe\">Se informa a los usuarios de que, cuando visitan el sitio, puede instalarse autom\u00e1ticamente una cookie en su navegador.<\/p><\/div><div><p class=\"Paragraphe\">Al navegar por el sitio, usted las acepta.<\/p><\/div><div><p class=\"Paragraphe\">Una cookie es un elemento que no permite identificar al Usuario pero que se utiliza para registrar informaci\u00f3n relativa a la navegaci\u00f3n del Usuario en el Sitio Web. El Usuario puede desactivar esta cookie mediante la configuraci\u00f3n de su navegador.<\/p><\/div><div><p class=\"Paragraphe\">\u00a0<\/p><\/div><div><h5>ART\u00cdCULO 6: Propiedad intelectual<\/h5><\/div><div><h1>\u00a0<\/h1><\/div><div><p class=\"Paragraphe\">Queda terminantemente prohibido cualquier uso, reproducci\u00f3n, distribuci\u00f3n, comercializaci\u00f3n o modificaci\u00f3n total o parcial del sitio.\u00a0<strong>lumierenaturelle64.fr<\/strong>,Cualquier uso del contenido de este sitio web sin la autorizaci\u00f3n del Editor est\u00e1 prohibido y puede dar lugar a acciones y procedimientos legales seg\u00fan lo dispuesto en el C\u00f3digo de la Propiedad Intelectual y el C\u00f3digo Civil.<\/p><p>Logotipo dise\u00f1ado por R\u00e9mi Bonnassiolle,<br \/><a href=\"https:\/\/www.instagram.com\/remibonnassiolle\/\" target=\"_blank\" rel=\"noopener\">@remibonnassiolle<\/a><\/p><p>Sitio web desarrollado por Ocean-Ville Capbreton.<\/p><\/div><div><p class=\"Paragraphe\">\u00a0<\/p><\/div><div><p class=\"Paragraphe\">Para m\u00e1s informaci\u00f3n, consulte las pol\u00edticas de confidencialidad del sitio web <strong>lumierenaturelle64.fr<\/strong> accesible a trav\u00e9s de \u00ab<a href=\"https:\/\/lumierenaturelle64.fr\/es\/politiques-de-confidentialites\/\">Datos personales<\/a>\u00bb<\/p><\/div><div><p class=\"Paragraphe\">\u00a0<\/p><\/div><div><p class=\"Paragraphe\">\u00a0<\/p><\/div>\t\t\t\t\t\t\t\t<\/div>\n\t\t\t\t<\/div>\n\t\t\t\t\t<\/div>\n\t\t<\/div>\n\t\t\t\t\t<\/div>\n\t\t<\/section>\n\t\t\t\t<\/div>","protected":false},"excerpt":{"rendered":"<p>En vigueur au 1er janvier 2022 Conform\u00e9ment aux dispositions des Articles 6-III et 19 de la Loi n\u00b02004-575 du 21 juin 2004 pour la Confiance dans l\u2019\u00e9conomie num\u00e9rique, dite L.C.E.N., il est port\u00e9 \u00e0 la connaissance des Utilisateurs du site lumierenaturelle64.fr\u00a0les pr\u00e9sentes mentions l\u00e9gales. La connexion et la navigation sur le site lumierenaturelle64.fr par l\u2019Utilisateur [&hellip;]<\/p>","protected":false},"author":1,"featured_media":0,"parent":0,"menu_order":0,"comment_status":"closed","ping_status":"closed","template":"","meta":{"_acf_changed":false,"footnotes":""},"class_list":["post-1237","page","type-page","status-publish","hentry"],"acf":[],"yoast_head":"<!-- This site is optimized with the Yoast SEO plugin v26.4 - https:\/\/yoast.com\/wordpress\/plugins\/seo\/ -->\n<title>Mentions l\u00e9gales - Lumi\u00e8re Naturelle<\/title>\n<meta name=\"robots\" content=\"noindex, nofollow\" \/>\n<meta property=\"og:locale\" content=\"es_ES\" \/>\n<meta property=\"og:type\" content=\"article\" \/>\n<meta property=\"og:title\" content=\"Mentions l\u00e9gales - Lumi\u00e8re Naturelle\" \/>\n<meta property=\"og:description\" content=\"En vigueur au 1er janvier 2022 Conform\u00e9ment aux dispositions des Articles 6-III et 19 de la Loi n\u00b02004-575 du 21 juin 2004 pour la Confiance dans l\u2019\u00e9conomie num\u00e9rique, dite L.C.E.N., il est port\u00e9 \u00e0 la connaissance des Utilisateurs du site lumierenaturelle64.fr\u00a0les pr\u00e9sentes mentions l\u00e9gales. La connexion et la navigation sur le site lumierenaturelle64.fr par l\u2019Utilisateur [&hellip;]\" \/>\n<meta property=\"og:url\" content=\"https:\/\/lumierenaturelle64.fr\/es\/mentions-legales\/\" \/>\n<meta property=\"og:site_name\" content=\"Lumi\u00e8re Naturelle\" \/>\n<meta property=\"article:modified_time\" content=\"2025-12-03T15:23:22+00:00\" \/>\n<meta name=\"twitter:card\" content=\"summary_large_image\" \/>\n<meta name=\"twitter:label1\" content=\"Tiempo de lectura\" \/>\n\t<meta name=\"twitter:data1\" content=\"3 minutos\" \/>\n<script type=\"application\/ld+json\" class=\"yoast-schema-graph\">{\"@context\":\"https:\/\/schema.org\",\"@graph\":[{\"@type\":\"WebPage\",\"@id\":\"https:\/\/lumierenaturelle64.fr\/mentions-legales\/\",\"url\":\"https:\/\/lumierenaturelle64.fr\/mentions-legales\/\",\"name\":\"Mentions l\u00e9gales - Lumi\u00e8re Naturelle\",\"isPartOf\":{\"@id\":\"https:\/\/lumierenaturelle64.fr\/#website\"},\"datePublished\":\"2022-11-02T14:12:06+00:00\",\"dateModified\":\"2025-12-03T15:23:22+00:00\",\"breadcrumb\":{\"@id\":\"https:\/\/lumierenaturelle64.fr\/mentions-legales\/#breadcrumb\"},\"inLanguage\":\"es\",\"potentialAction\":[{\"@type\":\"ReadAction\",\"target\":[\"https:\/\/lumierenaturelle64.fr\/mentions-legales\/\"]}]},{\"@type\":\"BreadcrumbList\",\"@id\":\"https:\/\/lumierenaturelle64.fr\/mentions-legales\/#breadcrumb\",\"itemListElement\":[{\"@type\":\"ListItem\",\"position\":1,\"name\":\"Accueil\",\"item\":\"https:\/\/lumierenaturelle64.fr\/\"},{\"@type\":\"ListItem\",\"position\":2,\"name\":\"Mentions l\u00e9gales\"}]},{\"@type\":\"WebSite\",\"@id\":\"https:\/\/lumierenaturelle64.fr\/#website\",\"url\":\"https:\/\/lumierenaturelle64.fr\/\",\"name\":\"lumierenaturelle64.fr\",\"description\":\"\",\"publisher\":{\"@id\":\"https:\/\/lumierenaturelle64.fr\/#organization\"},\"potentialAction\":[{\"@type\":\"SearchAction\",\"target\":{\"@type\":\"EntryPoint\",\"urlTemplate\":\"https:\/\/lumierenaturelle64.fr\/?s={search_term_string}\"},\"query-input\":{\"@type\":\"PropertyValueSpecification\",\"valueRequired\":true,\"valueName\":\"search_term_string\"}}],\"inLanguage\":\"es\"},{\"@type\":\"Organization\",\"@id\":\"https:\/\/lumierenaturelle64.fr\/#organization\",\"name\":\"lumierenaturelle64.fr\",\"url\":\"https:\/\/lumierenaturelle64.fr\/\",\"logo\":{\"@type\":\"ImageObject\",\"inLanguage\":\"es\",\"@id\":\"https:\/\/lumierenaturelle64.fr\/#\/schema\/logo\/image\/\",\"url\":\"https:\/\/lumierenaturelle64.fr\/wp-content\/uploads\/2022\/10\/Lumiere_Naturelle_2023.jpg\",\"contentUrl\":\"https:\/\/lumierenaturelle64.fr\/wp-content\/uploads\/2022\/10\/Lumiere_Naturelle_2023.jpg\",\"width\":769,\"height\":951,\"caption\":\"lumierenaturelle64.fr\"},\"image\":{\"@id\":\"https:\/\/lumierenaturelle64.fr\/#\/schema\/logo\/image\/\"},\"sameAs\":[\"https:\/\/www.instagram.com\/lumierenature64\/\"]}]}<\/script>\n<!-- \/ Yoast SEO plugin. -->","yoast_head_json":{"title":"Mentions l\u00e9gales - Lumi\u00e8re Naturelle","robots":{"index":"noindex","follow":"nofollow"},"og_locale":"es_ES","og_type":"article","og_title":"Mentions l\u00e9gales - Lumi\u00e8re Naturelle","og_description":"En vigueur au 1er janvier 2022 Conform\u00e9ment aux dispositions des Articles 6-III et 19 de la Loi n\u00b02004-575 du 21 juin 2004 pour la Confiance dans l\u2019\u00e9conomie num\u00e9rique, dite L.C.E.N., il est port\u00e9 \u00e0 la connaissance des Utilisateurs du site lumierenaturelle64.fr\u00a0les pr\u00e9sentes mentions l\u00e9gales. La connexion et la navigation sur le site lumierenaturelle64.fr par l\u2019Utilisateur [&hellip;]","og_url":"https:\/\/lumierenaturelle64.fr\/es\/mentions-legales\/","og_site_name":"Lumi\u00e8re Naturelle","article_modified_time":"2025-12-03T15:23:22+00:00","twitter_card":"summary_large_image","twitter_misc":{"Tiempo de lectura":"3 minutos"},"schema":{"@context":"https:\/\/schema.org","@graph":[{"@type":"WebPage","@id":"https:\/\/lumierenaturelle64.fr\/mentions-legales\/","url":"https:\/\/lumierenaturelle64.fr\/mentions-legales\/","name":"Mentions l\u00e9gales - Lumi\u00e8re Naturelle","isPartOf":{"@id":"https:\/\/lumierenaturelle64.fr\/#website"},"datePublished":"2022-11-02T14:12:06+00:00","dateModified":"2025-12-03T15:23:22+00:00","breadcrumb":{"@id":"https:\/\/lumierenaturelle64.fr\/mentions-legales\/#breadcrumb"},"inLanguage":"es","potentialAction":[{"@type":"ReadAction","target":["https:\/\/lumierenaturelle64.fr\/mentions-legales\/"]}]},{"@type":"BreadcrumbList","@id":"https:\/\/lumierenaturelle64.fr\/mentions-legales\/#breadcrumb","itemListElement":[{"@type":"ListItem","position":1,"name":"Accueil","item":"https:\/\/lumierenaturelle64.fr\/"},{"@type":"ListItem","position":2,"name":"Mentions l\u00e9gales"}]},{"@type":"WebSite","@id":"https:\/\/lumierenaturelle64.fr\/#website","url":"https:\/\/lumierenaturelle64.fr\/","name":"lumierenaturelle64.fr","description":"","publisher":{"@id":"https:\/\/lumierenaturelle64.fr\/#organization"},"potentialAction":[{"@type":"SearchAction","target":{"@type":"EntryPoint","urlTemplate":"https:\/\/lumierenaturelle64.fr\/?s={search_term_string}"},"query-input":{"@type":"PropertyValueSpecification","valueRequired":true,"valueName":"search_term_string"}}],"inLanguage":"es"},{"@type":"Organization","@id":"https:\/\/lumierenaturelle64.fr\/#organization","name":"lumierenaturelle64.fr","url":"https:\/\/lumierenaturelle64.fr\/","logo":{"@type":"ImageObject","inLanguage":"es","@id":"https:\/\/lumierenaturelle64.fr\/#\/schema\/logo\/image\/","url":"https:\/\/lumierenaturelle64.fr\/wp-content\/uploads\/2022\/10\/Lumiere_Naturelle_2023.jpg","contentUrl":"https:\/\/lumierenaturelle64.fr\/wp-content\/uploads\/2022\/10\/Lumiere_Naturelle_2023.jpg","width":769,"height":951,"caption":"lumierenaturelle64.fr"},"image":{"@id":"https:\/\/lumierenaturelle64.fr\/#\/schema\/logo\/image\/"},"sameAs":["https:\/\/www.instagram.com\/lumierenature64\/"]}]}},"_links":{"self":[{"href":"https:\/\/lumierenaturelle64.fr\/es\/wp-json\/wp\/v2\/pages\/1237","targetHints":{"allow":["GET"]}}],"collection":[{"href":"https:\/\/lumierenaturelle64.fr\/es\/wp-json\/wp\/v2\/pages"}],"about":[{"href":"https:\/\/lumierenaturelle64.fr\/es\/wp-json\/wp\/v2\/types\/page"}],"author":[{"embeddable":true,"href":"https:\/\/lumierenaturelle64.fr\/es\/wp-json\/wp\/v2\/users\/1"}],"replies":[{"embeddable":true,"href":"https:\/\/lumierenaturelle64.fr\/es\/wp-json\/wp\/v2\/comments?post=1237"}],"version-history":[{"count":35,"href":"https:\/\/lumierenaturelle64.fr\/es\/wp-json\/wp\/v2\/pages\/1237\/revisions"}],"predecessor-version":[{"id":5176,"href":"https:\/\/lumierenaturelle64.fr\/es\/wp-json\/wp\/v2\/pages\/1237\/revisions\/5176"}],"wp:attachment":[{"href":"https:\/\/lumierenaturelle64.fr\/es\/wp-json\/wp\/v2\/media?parent=1237"}],"curies":[{"name":"wp","href":"https:\/\/api.w.org\/{rel}","templated":true}]}}