{"id":2071,"date":"2023-06-29T14:41:16","date_gmt":"2023-06-29T12:41:16","guid":{"rendered":"https:\/\/lumierenaturelle64.fr\/?page_id=2071"},"modified":"2025-12-01T11:06:06","modified_gmt":"2025-12-01T10:06:06","slug":"blog-evenements","status":"publish","type":"page","link":"https:\/\/lumierenaturelle64.fr\/es\/blog-evenements\/","title":{"rendered":"Blog &#038; \u00e9v\u00e8nements"},"content":{"rendered":"<div data-elementor-type=\"wp-page\" data-elementor-id=\"2071\" class=\"elementor elementor-2071\" data-elementor-post-type=\"page\">\n\t\t\t\t\t\t<section class=\"elementor-section elementor-top-section elementor-element elementor-element-559d6989 elementor-section-boxed elementor-section-height-default elementor-section-height-default\" data-id=\"559d6989\" data-element_type=\"section\" data-e-type=\"section\" data-settings=\"{&quot;shape_divider_bottom&quot;:&quot;waves&quot;}\">\n\t\t\t\t\t\t\t<div class=\"elementor-background-overlay\"><\/div>\n\t\t\t\t\t\t<div class=\"elementor-shape elementor-shape-bottom\" aria-hidden=\"true\" data-negative=\"false\">\n\t\t\t<svg xmlns=\"http:\/\/www.w3.org\/2000\/svg\" viewbox=\"0 0 1000 100\" preserveaspectratio=\"none\">\n\t<path class=\"elementor-shape-fill\" d=\"M421.9,6.5c22.6-2.5,51.5,0.4,75.5,5.3c23.6,4.9,70.9,23.5,100.5,35.7c75.8,32.2,133.7,44.5,192.6,49.7\tc23.6,2.1,48.7,3.5,103.4-2.5c54.7-6,106.2-25.6,106.2-25.6V0H0v30.3c0,0,72,32.6,158.4,30.5c39.2-0.7,92.8-6.7,134-22.4\tc21.2-8.1,52.2-18.2,79.7-24.2C399.3,7.9,411.6,7.5,421.9,6.5z\"\/>\n<\/svg>\t\t<\/div>\n\t\t\t\t\t<div class=\"elementor-container elementor-column-gap-default\">\n\t\t\t\t\t<div class=\"elementor-column elementor-col-100 elementor-top-column elementor-element elementor-element-4add12\" data-id=\"4add12\" data-element_type=\"column\" data-e-type=\"column\" data-settings=\"{&quot;background_background&quot;:&quot;classic&quot;}\">\n\t\t\t<div class=\"elementor-widget-wrap elementor-element-populated\">\n\t\t\t\t\t\t<div class=\"elementor-element elementor-element-61f2e8b elementor-widget elementor-widget-heading\" data-id=\"61f2e8b\" data-element_type=\"widget\" data-e-type=\"widget\" data-widget_type=\"heading.default\">\n\t\t\t\t<div class=\"elementor-widget-container\">\n\t\t\t\t\t<h1 class=\"elementor-heading-title elementor-size-default\">MIS CREACIONES TIENEN UN AIRE NATURAL<\/h1>\t\t\t\t<\/div>\n\t\t\t\t<\/div>\n\t\t\t\t\t<\/div>\n\t\t<\/div>\n\t\t\t\t\t<\/div>\n\t\t<\/section>\n\t\t\t\t<section class=\"elementor-section elementor-top-section elementor-element elementor-element-45b28e0 elementor-section-boxed elementor-section-height-default elementor-section-height-default\" data-id=\"45b28e0\" data-element_type=\"section\" data-e-type=\"section\">\n\t\t\t\t\t\t<div class=\"elementor-container elementor-column-gap-default\">\n\t\t\t\t\t<div class=\"elementor-column elementor-col-100 elementor-top-column elementor-element elementor-element-33fc901\" data-id=\"33fc901\" data-element_type=\"column\" data-e-type=\"column\">\n\t\t\t<div class=\"elementor-widget-wrap elementor-element-populated\">\n\t\t\t\t\t\t<div class=\"elementor-element elementor-element-706a141 elementor-widget elementor-widget-heading\" data-id=\"706a141\" data-element_type=\"widget\" data-e-type=\"widget\" data-widget_type=\"heading.default\">\n\t\t\t\t<div class=\"elementor-widget-container\">\n\t\t\t\t\t<h2 class=\"elementor-heading-title elementor-size-default\">Diario del taller: diario de una artesana\n                                                   <\/h2>\t\t\t\t<\/div>\n\t\t\t\t<\/div>\n\t\t\t\t<div class=\"elementor-element elementor-element-42861af elementor-widget elementor-widget-text-editor\" data-id=\"42861af\" data-element_type=\"widget\" data-e-type=\"widget\" data-widget_type=\"text-editor.default\">\n\t\t\t\t<div class=\"elementor-widget-container\">\n\t\t\t\t\t\t\t\t\t<p>Aqu\u00ed les hablo de mi profesi\u00f3n, de mi trabajo y del compromiso que gu\u00eda cada creaci\u00f3n.\u00a0<br \/>Tambi\u00e9n encontrar\u00e1 una mirada entre bastidores al taller, los proyectos actuales y los acontecimientos que jalonan mi vida de artesana.<br \/>\u00a1Exploremos juntos!<\/p>\t\t\t\t\t\t\t\t<\/div>\n\t\t\t\t<\/div>\n\t\t\t\t<div class=\"elementor-element elementor-element-74ffb2a elementor-widget elementor-widget-image\" data-id=\"74ffb2a\" data-element_type=\"widget\" data-e-type=\"widget\" data-widget_type=\"image.default\">\n\t\t\t\t<div class=\"elementor-widget-container\">\n\t\t\t\t\t\t\t\t\t\t\t\t\t\t\t<img decoding=\"async\" src=\"https:\/\/lumierenaturelle64.fr\/wp-content\/uploads\/2025\/11\/commande-en-cours-2023.mp4\" title=\"\" alt=\"\" loading=\"lazy\" \/>\t\t\t\t\t\t\t\t\t\t\t\t\t\t\t<\/div>\n\t\t\t\t<\/div>\n\t\t\t\t<div class=\"elementor-element elementor-element-f5ed83c elementor-grid-3 elementor-grid-tablet-2 elementor-grid-mobile-1 elementor-posts--thumbnail-top elementor-widget elementor-widget-posts\" data-id=\"f5ed83c\" data-element_type=\"widget\" data-e-type=\"widget\" data-settings=\"{&quot;classic_columns&quot;:&quot;3&quot;,&quot;classic_columns_tablet&quot;:&quot;2&quot;,&quot;classic_columns_mobile&quot;:&quot;1&quot;,&quot;classic_row_gap&quot;:{&quot;unit&quot;:&quot;px&quot;,&quot;size&quot;:35,&quot;sizes&quot;:[]},&quot;classic_row_gap_tablet&quot;:{&quot;unit&quot;:&quot;px&quot;,&quot;size&quot;:&quot;&quot;,&quot;sizes&quot;:[]},&quot;classic_row_gap_mobile&quot;:{&quot;unit&quot;:&quot;px&quot;,&quot;size&quot;:&quot;&quot;,&quot;sizes&quot;:[]}}\" data-widget_type=\"posts.classic\">\n\t\t\t\t<div class=\"elementor-widget-container\">\n\t\t\t\t\t\t\t<div class=\"elementor-posts-container elementor-posts elementor-posts--skin-classic elementor-grid\" role=\"list\">\n\t\t\t\t<article class=\"elementor-post elementor-grid-item post-5071 post type-post status-publish format-standard has-post-thumbnail hentry category-uncategorized\" role=\"listitem\">\n\t\t\t\t<a class=\"elementor-post__thumbnail__link\" href=\"https:\/\/lumierenaturelle64.fr\/es\/lumiere-naturelle\/\" tabindex=\"-1\" >\n\t\t\t<div class=\"elementor-post__thumbnail\"><img fetchpriority=\"high\" decoding=\"async\" width=\"300\" height=\"296\" src=\"https:\/\/lumierenaturelle64.fr\/wp-content\/uploads\/2025\/12\/expo-300x296.jpg\" class=\"attachment-medium size-medium wp-image-5081\" alt=\"lumi\u00e8re naturelle, cr\u00e9ation et fabrication d&#039;abat-jour cousu main\" srcset=\"https:\/\/lumierenaturelle64.fr\/wp-content\/uploads\/2025\/12\/expo-300x296.jpg 300w, https:\/\/lumierenaturelle64.fr\/wp-content\/uploads\/2025\/12\/expo-1024x1009.jpg 1024w, https:\/\/lumierenaturelle64.fr\/wp-content\/uploads\/2025\/12\/expo-768x757.jpg 768w, https:\/\/lumierenaturelle64.fr\/wp-content\/uploads\/2025\/12\/expo-600x591.jpg 600w, https:\/\/lumierenaturelle64.fr\/wp-content\/uploads\/2025\/12\/expo-100x100.jpg 100w, https:\/\/lumierenaturelle64.fr\/wp-content\/uploads\/2025\/12\/expo.jpg 1080w\" sizes=\"(max-width: 300px) 100vw, 300px\" \/><\/div>\n\t\t<\/a>\n\t\t\t\t<div class=\"elementor-post__text\">\n\t\t\t\t<h3 class=\"elementor-post__title\">\n\t\t\t<a href=\"https:\/\/lumierenaturelle64.fr\/es\/lumiere-naturelle\/\" >\n\t\t\t\tLuz natural\t\t\t<\/a>\n\t\t<\/h3>\n\t\t\t\t\t<div class=\"elementor-post__read-more-wrapper\">\n\t\t\n\t\t<a class=\"elementor-post__read-more\" href=\"https:\/\/lumierenaturelle64.fr\/es\/lumiere-naturelle\/\" aria-label=\"M\u00e1s informaci\u00f3n sobre Lumi\u00e8re naturelle\" tabindex=\"-1\" >\n\t\t\tLeer m\u00e1s \u00bb\t\t<\/a>\n\n\t\t\t\t\t<\/div>\n\t\t\t\t<\/div>\n\t\t\t\t<\/article>\n\t\t\t\t<article class=\"elementor-post elementor-grid-item post-4807 post type-post status-publish format-standard has-post-thumbnail hentry category-uncategorized\" role=\"listitem\">\n\t\t\t\t<a class=\"elementor-post__thumbnail__link\" href=\"https:\/\/lumierenaturelle64.fr\/es\/https-lumierenaturelle64-fr-artisan-inspiration\/\" tabindex=\"-1\" >\n\t\t\t<div class=\"elementor-post__thumbnail\"><img decoding=\"async\" width=\"224\" height=\"300\" src=\"https:\/\/lumierenaturelle64.fr\/wp-content\/uploads\/2025\/11\/IMG_20250803_123237_553-224x300.jpg\" class=\"attachment-medium size-medium wp-image-4822\" alt=\"\" srcset=\"https:\/\/lumierenaturelle64.fr\/wp-content\/uploads\/2025\/11\/IMG_20250803_123237_553-224x300.jpg 224w, https:\/\/lumierenaturelle64.fr\/wp-content\/uploads\/2025\/11\/IMG_20250803_123237_553-766x1024.jpg 766w, https:\/\/lumierenaturelle64.fr\/wp-content\/uploads\/2025\/11\/IMG_20250803_123237_553-768x1026.jpg 768w, https:\/\/lumierenaturelle64.fr\/wp-content\/uploads\/2025\/11\/IMG_20250803_123237_553-1149x1536.jpg 1149w, https:\/\/lumierenaturelle64.fr\/wp-content\/uploads\/2025\/11\/IMG_20250803_123237_553-1532x2048.jpg 1532w, https:\/\/lumierenaturelle64.fr\/wp-content\/uploads\/2025\/11\/IMG_20250803_123237_553-600x802.jpg 600w, https:\/\/lumierenaturelle64.fr\/wp-content\/uploads\/2025\/11\/IMG_20250803_123237_553-scaled.jpg 1200w\" sizes=\"(max-width: 224px) 100vw, 224px\" \/><\/div>\n\t\t<\/a>\n\t\t\t\t<div class=\"elementor-post__text\">\n\t\t\t\t<h3 class=\"elementor-post__title\">\n\t\t\t<a href=\"https:\/\/lumierenaturelle64.fr\/es\/https-lumierenaturelle64-fr-artisan-inspiration\/\" >\n\t\t\t\tExplorar otros materiales, revelar otros vol\u00famenes\t\t\t<\/a>\n\t\t<\/h3>\n\t\t\t\t\t<div class=\"elementor-post__read-more-wrapper\">\n\t\t\n\t\t<a class=\"elementor-post__read-more\" href=\"https:\/\/lumierenaturelle64.fr\/es\/https-lumierenaturelle64-fr-artisan-inspiration\/\" aria-label=\"M\u00e1s informaci\u00f3n sobre Explorer d\u2019autres mati\u00e8res, r\u00e9v\u00e9ler d\u2019autres volumes\" tabindex=\"-1\" >\n\t\t\tLeer m\u00e1s \u00bb\t\t<\/a>\n\n\t\t\t\t\t<\/div>\n\t\t\t\t<\/div>\n\t\t\t\t<\/article>\n\t\t\t\t<article class=\"elementor-post elementor-grid-item post-4527 post type-post status-publish format-standard has-post-thumbnail hentry category-actus category-uncategorized\" role=\"listitem\">\n\t\t\t\t<a class=\"elementor-post__thumbnail__link\" href=\"https:\/\/lumierenaturelle64.fr\/es\/artisan-art\/\" tabindex=\"-1\" >\n\t\t\t<div class=\"elementor-post__thumbnail\"><img decoding=\"async\" width=\"300\" height=\"300\" src=\"https:\/\/lumierenaturelle64.fr\/wp-content\/uploads\/2025\/11\/logo-MA-Nouvelle-Aquitaine-300x300.jpg\" class=\"attachment-medium size-medium wp-image-4781\" alt=\"\" \/><\/div>\n\t\t<\/a>\n\t\t\t\t<div class=\"elementor-post__text\">\n\t\t\t\t<h3 class=\"elementor-post__title\">\n\t\t\t<a href=\"https:\/\/lumierenaturelle64.fr\/es\/artisan-art\/\" >\n\t\t\t\tLa mano, el material, la luz\t\t\t<\/a>\n\t\t<\/h3>\n\t\t\t\t\t<div class=\"elementor-post__read-more-wrapper\">\n\t\t\n\t\t<a class=\"elementor-post__read-more\" href=\"https:\/\/lumierenaturelle64.fr\/es\/artisan-art\/\" aria-label=\"M\u00e1s informaci\u00f3n sobre La main, la mati\u00e8re, la lumi\u00e8re\" tabindex=\"-1\" >\n\t\t\tLeer m\u00e1s \u00bb\t\t<\/a>\n\n\t\t\t\t\t<\/div>\n\t\t\t\t<\/div>\n\t\t\t\t<\/article>\n\t\t\t\t<article class=\"elementor-post elementor-grid-item post-3036 post type-post status-publish format-standard has-post-thumbnail hentry category-uncategorized\" role=\"listitem\">\n\t\t\t\t<a class=\"elementor-post__thumbnail__link\" href=\"https:\/\/lumierenaturelle64.fr\/es\/abat-jour-qualite-savoir-faire-francais\/\" tabindex=\"-1\" >\n\t\t\t<div class=\"elementor-post__thumbnail\"><img loading=\"lazy\" decoding=\"async\" width=\"225\" height=\"300\" src=\"https:\/\/lumierenaturelle64.fr\/wp-content\/uploads\/2025\/12\/IMG_20210808_145133-225x300.jpg\" class=\"attachment-medium size-medium wp-image-4994\" alt=\"\" srcset=\"https:\/\/lumierenaturelle64.fr\/wp-content\/uploads\/2025\/12\/IMG_20210808_145133-225x300.jpg 225w, https:\/\/lumierenaturelle64.fr\/wp-content\/uploads\/2025\/12\/IMG_20210808_145133.jpg 375w\" sizes=\"(max-width: 225px) 100vw, 225px\" \/><\/div>\n\t\t<\/a>\n\t\t\t\t<div class=\"elementor-post__text\">\n\t\t\t\t<h3 class=\"elementor-post__title\">\n\t\t\t<a href=\"https:\/\/lumierenaturelle64.fr\/es\/abat-jour-qualite-savoir-faire-francais\/\" >\n\t\t\t\t\u00bfPor qu\u00e9 favorecer la fabricaci\u00f3n francesa?\t\t\t<\/a>\n\t\t<\/h3>\n\t\t\t\t\t<div class=\"elementor-post__read-more-wrapper\">\n\t\t\n\t\t<a class=\"elementor-post__read-more\" href=\"https:\/\/lumierenaturelle64.fr\/es\/abat-jour-qualite-savoir-faire-francais\/\" aria-label=\"M\u00e1s informaci\u00f3n sobre Pourquoi favoriser la fabrication fran\u00e7aise?\" tabindex=\"-1\" >\n\t\t\tLeer m\u00e1s \u00bb\t\t<\/a>\n\n\t\t\t\t\t<\/div>\n\t\t\t\t<\/div>\n\t\t\t\t<\/article>\n\t\t\t\t<\/div>\n\t\t\n\t\t\t\t\t\t<\/div>\n\t\t\t\t<\/div>\n\t\t\t\t\t<\/div>\n\t\t<\/div>\n\t\t\t\t\t<\/div>\n\t\t<\/section>\n\t\t\t\t<\/div>","protected":false},"excerpt":{"rendered":"<p>MES CR\u00c9ATIONS ONT LA FIBRE NATURELLE Carnet d&rsquo;atelier : journal d&rsquo;une artisane Ici, je vous parle de mon m\u00e9tier, de mon travail et de l&rsquo;engagement<\/p>","protected":false},"author":1,"featured_media":0,"parent":0,"menu_order":0,"comment_status":"closed","ping_status":"closed","template":"","meta":{"_acf_changed":false,"footnotes":""},"class_list":["post-2071","page","type-page","status-publish","hentry"],"acf":[],"yoast_head":"<!-- This site is optimized with the Yoast SEO plugin v26.4 - https:\/\/yoast.com\/wordpress\/plugins\/seo\/ -->\n<title>choisir un abat-jour durable Blog &amp; \u00e9v\u00e8nements - Lumi\u00e8re Naturelle<\/title>\n<meta name=\"description\" content=\"Apprenez pourquoi choisir un abat-jour durable qui compl\u00e8te votre d\u00e9coration. D\u00e9couvrez nos conseils et notre collection artisanale.\" \/>\n<meta name=\"robots\" content=\"index, follow, max-snippet:-1, max-image-preview:large, max-video-preview:-1\" \/>\n<link rel=\"canonical\" href=\"https:\/\/lumierenaturelle64.fr\/es\/blog-evenements\/\" \/>\n<meta property=\"og:locale\" content=\"es_ES\" \/>\n<meta property=\"og:type\" content=\"article\" \/>\n<meta property=\"og:title\" content=\"choisir un abat-jour durable Blog &amp; \u00e9v\u00e8nements - Lumi\u00e8re Naturelle\" \/>\n<meta property=\"og:description\" content=\"Apprenez pourquoi choisir un abat-jour durable qui compl\u00e8te votre d\u00e9coration. D\u00e9couvrez nos conseils et notre collection artisanale.\" \/>\n<meta property=\"og:url\" content=\"https:\/\/lumierenaturelle64.fr\/es\/blog-evenements\/\" \/>\n<meta property=\"og:site_name\" content=\"Lumi\u00e8re Naturelle\" \/>\n<meta property=\"article:modified_time\" content=\"2025-12-01T10:06:06+00:00\" \/>\n<meta property=\"og:image\" content=\"https:\/\/lumierenaturelle64.fr\/wp-content\/uploads\/2025\/11\/commande-en-cours-2023.mp4\" \/>\n<meta name=\"twitter:card\" content=\"summary_large_image\" \/>\n<meta name=\"twitter:label1\" content=\"Tiempo de lectura\" \/>\n\t<meta name=\"twitter:data1\" content=\"1 minuto\" \/>\n<script type=\"application\/ld+json\" class=\"yoast-schema-graph\">{\"@context\":\"https:\/\/schema.org\",\"@graph\":[{\"@type\":\"WebPage\",\"@id\":\"https:\/\/lumierenaturelle64.fr\/blog-evenements\/\",\"url\":\"https:\/\/lumierenaturelle64.fr\/blog-evenements\/\",\"name\":\"choisir un abat-jour durable Blog & \u00e9v\u00e8nements - Lumi\u00e8re Naturelle\",\"isPartOf\":{\"@id\":\"https:\/\/lumierenaturelle64.fr\/#website\"},\"primaryImageOfPage\":{\"@id\":\"https:\/\/lumierenaturelle64.fr\/blog-evenements\/#primaryimage\"},\"image\":{\"@id\":\"https:\/\/lumierenaturelle64.fr\/blog-evenements\/#primaryimage\"},\"thumbnailUrl\":\"https:\/\/lumierenaturelle64.fr\/wp-content\/uploads\/2025\/11\/commande-en-cours-2023.mp4\",\"datePublished\":\"2023-06-29T12:41:16+00:00\",\"dateModified\":\"2025-12-01T10:06:06+00:00\",\"description\":\"Apprenez pourquoi choisir un abat-jour durable qui compl\u00e8te votre d\u00e9coration. D\u00e9couvrez nos conseils et notre collection artisanale.\",\"breadcrumb\":{\"@id\":\"https:\/\/lumierenaturelle64.fr\/blog-evenements\/#breadcrumb\"},\"inLanguage\":\"es\",\"potentialAction\":[{\"@type\":\"ReadAction\",\"target\":[\"https:\/\/lumierenaturelle64.fr\/blog-evenements\/\"]}]},{\"@type\":\"ImageObject\",\"inLanguage\":\"es\",\"@id\":\"https:\/\/lumierenaturelle64.fr\/blog-evenements\/#primaryimage\",\"url\":\"https:\/\/lumierenaturelle64.fr\/wp-content\/uploads\/2025\/11\/commande-en-cours-2023.mp4\",\"contentUrl\":\"https:\/\/lumierenaturelle64.fr\/wp-content\/uploads\/2025\/11\/commande-en-cours-2023.mp4\"},{\"@type\":\"BreadcrumbList\",\"@id\":\"https:\/\/lumierenaturelle64.fr\/blog-evenements\/#breadcrumb\",\"itemListElement\":[{\"@type\":\"ListItem\",\"position\":1,\"name\":\"Accueil\",\"item\":\"https:\/\/lumierenaturelle64.fr\/\"},{\"@type\":\"ListItem\",\"position\":2,\"name\":\"Blog &#038; \u00e9v\u00e8nements\"}]},{\"@type\":\"WebSite\",\"@id\":\"https:\/\/lumierenaturelle64.fr\/#website\",\"url\":\"https:\/\/lumierenaturelle64.fr\/\",\"name\":\"lumierenaturelle64.fr\",\"description\":\"\",\"publisher\":{\"@id\":\"https:\/\/lumierenaturelle64.fr\/#organization\"},\"potentialAction\":[{\"@type\":\"SearchAction\",\"target\":{\"@type\":\"EntryPoint\",\"urlTemplate\":\"https:\/\/lumierenaturelle64.fr\/?s={search_term_string}\"},\"query-input\":{\"@type\":\"PropertyValueSpecification\",\"valueRequired\":true,\"valueName\":\"search_term_string\"}}],\"inLanguage\":\"es\"},{\"@type\":\"Organization\",\"@id\":\"https:\/\/lumierenaturelle64.fr\/#organization\",\"name\":\"lumierenaturelle64.fr\",\"url\":\"https:\/\/lumierenaturelle64.fr\/\",\"logo\":{\"@type\":\"ImageObject\",\"inLanguage\":\"es\",\"@id\":\"https:\/\/lumierenaturelle64.fr\/#\/schema\/logo\/image\/\",\"url\":\"https:\/\/lumierenaturelle64.fr\/wp-content\/uploads\/2022\/10\/Lumiere_Naturelle_2023.jpg\",\"contentUrl\":\"https:\/\/lumierenaturelle64.fr\/wp-content\/uploads\/2022\/10\/Lumiere_Naturelle_2023.jpg\",\"width\":769,\"height\":951,\"caption\":\"lumierenaturelle64.fr\"},\"image\":{\"@id\":\"https:\/\/lumierenaturelle64.fr\/#\/schema\/logo\/image\/\"},\"sameAs\":[\"https:\/\/www.instagram.com\/lumierenature64\/\"]}]}<\/script>\n<!-- \/ Yoast SEO plugin. -->","yoast_head_json":{"title":"choisir un abat-jour durable Blog & \u00e9v\u00e8nements - Lumi\u00e8re Naturelle","description":"Apprenez pourquoi choisir un abat-jour durable qui compl\u00e8te votre d\u00e9coration. D\u00e9couvrez nos conseils et notre collection artisanale.","robots":{"index":"index","follow":"follow","max-snippet":"max-snippet:-1","max-image-preview":"max-image-preview:large","max-video-preview":"max-video-preview:-1"},"canonical":"https:\/\/lumierenaturelle64.fr\/es\/blog-evenements\/","og_locale":"es_ES","og_type":"article","og_title":"choisir un abat-jour durable Blog & \u00e9v\u00e8nements - Lumi\u00e8re Naturelle","og_description":"Apprenez pourquoi choisir un abat-jour durable qui compl\u00e8te votre d\u00e9coration. D\u00e9couvrez nos conseils et notre collection artisanale.","og_url":"https:\/\/lumierenaturelle64.fr\/es\/blog-evenements\/","og_site_name":"Lumi\u00e8re Naturelle","article_modified_time":"2025-12-01T10:06:06+00:00","og_image":[{"url":"https:\/\/lumierenaturelle64.fr\/wp-content\/uploads\/2025\/11\/commande-en-cours-2023.mp4","type":"","width":"","height":""}],"twitter_card":"summary_large_image","twitter_misc":{"Tiempo de lectura":"1 minuto"},"schema":{"@context":"https:\/\/schema.org","@graph":[{"@type":"WebPage","@id":"https:\/\/lumierenaturelle64.fr\/blog-evenements\/","url":"https:\/\/lumierenaturelle64.fr\/blog-evenements\/","name":"choisir un abat-jour durable Blog & \u00e9v\u00e8nements - Lumi\u00e8re Naturelle","isPartOf":{"@id":"https:\/\/lumierenaturelle64.fr\/#website"},"primaryImageOfPage":{"@id":"https:\/\/lumierenaturelle64.fr\/blog-evenements\/#primaryimage"},"image":{"@id":"https:\/\/lumierenaturelle64.fr\/blog-evenements\/#primaryimage"},"thumbnailUrl":"https:\/\/lumierenaturelle64.fr\/wp-content\/uploads\/2025\/11\/commande-en-cours-2023.mp4","datePublished":"2023-06-29T12:41:16+00:00","dateModified":"2025-12-01T10:06:06+00:00","description":"Apprenez pourquoi choisir un abat-jour durable qui compl\u00e8te votre d\u00e9coration. D\u00e9couvrez nos conseils et notre collection artisanale.","breadcrumb":{"@id":"https:\/\/lumierenaturelle64.fr\/blog-evenements\/#breadcrumb"},"inLanguage":"es","potentialAction":[{"@type":"ReadAction","target":["https:\/\/lumierenaturelle64.fr\/blog-evenements\/"]}]},{"@type":"ImageObject","inLanguage":"es","@id":"https:\/\/lumierenaturelle64.fr\/blog-evenements\/#primaryimage","url":"https:\/\/lumierenaturelle64.fr\/wp-content\/uploads\/2025\/11\/commande-en-cours-2023.mp4","contentUrl":"https:\/\/lumierenaturelle64.fr\/wp-content\/uploads\/2025\/11\/commande-en-cours-2023.mp4"},{"@type":"BreadcrumbList","@id":"https:\/\/lumierenaturelle64.fr\/blog-evenements\/#breadcrumb","itemListElement":[{"@type":"ListItem","position":1,"name":"Accueil","item":"https:\/\/lumierenaturelle64.fr\/"},{"@type":"ListItem","position":2,"name":"Blog &#038; \u00e9v\u00e8nements"}]},{"@type":"WebSite","@id":"https:\/\/lumierenaturelle64.fr\/#website","url":"https:\/\/lumierenaturelle64.fr\/","name":"lumierenaturelle64.fr","description":"","publisher":{"@id":"https:\/\/lumierenaturelle64.fr\/#organization"},"potentialAction":[{"@type":"SearchAction","target":{"@type":"EntryPoint","urlTemplate":"https:\/\/lumierenaturelle64.fr\/?s={search_term_string}"},"query-input":{"@type":"PropertyValueSpecification","valueRequired":true,"valueName":"search_term_string"}}],"inLanguage":"es"},{"@type":"Organization","@id":"https:\/\/lumierenaturelle64.fr\/#organization","name":"lumierenaturelle64.fr","url":"https:\/\/lumierenaturelle64.fr\/","logo":{"@type":"ImageObject","inLanguage":"es","@id":"https:\/\/lumierenaturelle64.fr\/#\/schema\/logo\/image\/","url":"https:\/\/lumierenaturelle64.fr\/wp-content\/uploads\/2022\/10\/Lumiere_Naturelle_2023.jpg","contentUrl":"https:\/\/lumierenaturelle64.fr\/wp-content\/uploads\/2022\/10\/Lumiere_Naturelle_2023.jpg","width":769,"height":951,"caption":"lumierenaturelle64.fr"},"image":{"@id":"https:\/\/lumierenaturelle64.fr\/#\/schema\/logo\/image\/"},"sameAs":["https:\/\/www.instagram.com\/lumierenature64\/"]}]}},"_links":{"self":[{"href":"https:\/\/lumierenaturelle64.fr\/es\/wp-json\/wp\/v2\/pages\/2071","targetHints":{"allow":["GET"]}}],"collection":[{"href":"https:\/\/lumierenaturelle64.fr\/es\/wp-json\/wp\/v2\/pages"}],"about":[{"href":"https:\/\/lumierenaturelle64.fr\/es\/wp-json\/wp\/v2\/types\/page"}],"author":[{"embeddable":true,"href":"https:\/\/lumierenaturelle64.fr\/es\/wp-json\/wp\/v2\/users\/1"}],"replies":[{"embeddable":true,"href":"https:\/\/lumierenaturelle64.fr\/es\/wp-json\/wp\/v2\/comments?post=2071"}],"version-history":[{"count":214,"href":"https:\/\/lumierenaturelle64.fr\/es\/wp-json\/wp\/v2\/pages\/2071\/revisions"}],"predecessor-version":[{"id":5524,"href":"https:\/\/lumierenaturelle64.fr\/es\/wp-json\/wp\/v2\/pages\/2071\/revisions\/5524"}],"wp:attachment":[{"href":"https:\/\/lumierenaturelle64.fr\/es\/wp-json\/wp\/v2\/media?parent=2071"}],"curies":[{"name":"wp","href":"https:\/\/api.w.org\/{rel}","templated":true}]}}