{"id":9,"date":"2022-03-21T16:33:17","date_gmt":"2022-03-21T15:33:17","guid":{"rendered":"https:\/\/spirit2mars22.stagewordpress.fr\/?page_id=9"},"modified":"2026-04-13T19:30:47","modified_gmt":"2026-04-13T17:30:47","slug":"abat-jour","status":"publish","type":"page","link":"https:\/\/lumierenaturelle64.fr\/es\/abat-jour\/","title":{"rendered":"Accueil"},"content":{"rendered":"<div data-elementor-type=\"wp-page\" data-elementor-id=\"9\" class=\"elementor elementor-9\" data-elementor-post-type=\"page\">\n\t\t\t\t\t\t<section class=\"elementor-section elementor-top-section elementor-element elementor-element-6fc50ac1 elementor-section-boxed elementor-section-height-default elementor-section-height-default\" data-id=\"6fc50ac1\" data-element_type=\"section\" data-e-type=\"section\" data-settings=\"{&quot;background_background&quot;:&quot;classic&quot;}\">\n\t\t\t\t\t\t\t<div class=\"elementor-background-overlay\"><\/div>\n\t\t\t\t\t\t\t<div class=\"elementor-container elementor-column-gap-default\">\n\t\t\t\t\t<div class=\"elementor-column elementor-col-100 elementor-top-column elementor-element elementor-element-3d1dd24d\" data-id=\"3d1dd24d\" data-element_type=\"column\" data-e-type=\"column\">\n\t\t\t<div class=\"elementor-widget-wrap elementor-element-populated\">\n\t\t\t\t\t\t<div class=\"elementor-element elementor-element-6113a7b1 elementor-widget__width-initial elementor-widget elementor-widget-heading\" data-id=\"6113a7b1\" data-element_type=\"widget\" data-e-type=\"widget\" data-widget_type=\"heading.default\">\n\t\t\t\t<div class=\"elementor-widget-container\">\n\t\t\t\t\t<h1 class=\"elementor-heading-title elementor-size-default\">MIS CREACIONES TIENEN UN AIRE NATURAL\n<\/h1>\t\t\t\t<\/div>\n\t\t\t\t<\/div>\n\t\t\t\t\t<\/div>\n\t\t<\/div>\n\t\t\t\t\t<\/div>\n\t\t<\/section>\n\t\t\t\t<section class=\"elementor-section elementor-top-section elementor-element elementor-element-220f02f2 elementor-reverse-tablet elementor-reverse-mobile elementor-section-boxed elementor-section-height-default elementor-section-height-default\" data-id=\"220f02f2\" data-element_type=\"section\" data-e-type=\"section\">\n\t\t\t\t\t\t<div class=\"elementor-container elementor-column-gap-default\">\n\t\t\t\t\t<div class=\"elementor-column elementor-col-50 elementor-top-column elementor-element elementor-element-714f7540\" data-id=\"714f7540\" data-element_type=\"column\" data-e-type=\"column\">\n\t\t\t<div class=\"elementor-widget-wrap elementor-element-populated\">\n\t\t\t\t\t\t<div class=\"elementor-element elementor-element-3355e904 elementor-widget elementor-widget-heading\" data-id=\"3355e904\" data-element_type=\"widget\" data-e-type=\"widget\" data-widget_type=\"heading.default\">\n\t\t\t\t<div class=\"elementor-widget-container\">\n\t\t\t\t\t<h5 class=\"elementor-heading-title elementor-size-default\">Creador artesano<\/h5>\t\t\t\t<\/div>\n\t\t\t\t<\/div>\n\t\t\t\t<div class=\"elementor-element elementor-element-43bd74f5 elementor-widget__width-initial elementor-widget elementor-widget-heading\" data-id=\"43bd74f5\" data-element_type=\"widget\" data-e-type=\"widget\" data-widget_type=\"heading.default\">\n\t\t\t\t<div class=\"elementor-widget-container\">\n\t\t\t\t\t<h2 class=\"elementor-heading-title elementor-size-default\">Pantallas cosidas a mano<\/h2>\t\t\t\t<\/div>\n\t\t\t\t<\/div>\n\t\t\t\t<div class=\"elementor-element elementor-element-543628e2 elementor-widget__width-initial elementor-widget-tablet__width-initial elementor-widget-mobile__width-inherit elementor-widget elementor-widget-text-editor\" data-id=\"543628e2\" data-element_type=\"widget\" data-e-type=\"widget\" data-widget_type=\"text-editor.default\">\n\t\t\t\t<div class=\"elementor-widget-container\">\n\t\t\t\t\t\t\t\t\t<p>Bienvenido a un mundo que combina experiencia, autenticidad y naturalidad.\u00a0<br \/>\u00bfValores que resuenan con usted? <br \/>Perfecto, podemos trabajar juntos para alegrar su interior respetando el ambiente que es suyo.<\/p><p>Como artesana, estoy especializada en la creaci\u00f3n de pantallas de l\u00e1mparas y decoraci\u00f3n textil con un fuerte compromiso. Mi compromiso es utilizar materias primas fabricadas en Francia para garantizar una artesan\u00eda tradicional y una calidad sin concesiones.<\/p><p>Este enfoque incluye la reflexi\u00f3n sobre la <a href=\"https:\/\/www.cci.fr\/actualites\/lupcycling-cest-quoi\" target=\"_blank\" rel=\"noopener\"><strong>recursos de reciclaje<\/strong><\/a> existentes. Mi enfoque se centra en la sostenibilidad y la originalidad, manteniendo un equilibrio entre tradici\u00f3n e innovaci\u00f3n. <a href=\"https:\/\/lumierenaturelle64.fr\/es\/https-lumierenaturelle64-fr-artisan-art\/\"><strong>creatividad<\/strong><\/a>.<\/p><p>Pantallas que juegan con la luz y los materiales: suave lino cultivado en Francia, 100 tejidos naturales %, ligeros y delicados, elegidos por su transparencia y finura. <br \/>Todo ello montado sobre estructuras fabricadas en Francia.\u00a0<\/p><p>A <a href=\"https:\/\/lumierenaturelle64.fr\/es\/artisan-art\/\"><strong>producci\u00f3n artesanal<\/strong><\/a>, que se centra en las materias primas sostenibles. .<\/p><p>Pero eso no es todo. Mi exploraci\u00f3n me lleva a descubrir nuevas t\u00e9cnicas y materiales que disfruto estudiando, manipulando y experimentando. <br \/>Es una b\u00fasqueda fascinante para conseguir algo nuevo y fresco.<\/p><p>\u00bfMi objetivo? Crear piezas \u00fanicas que aporten un toque decorativo y car\u00e1cter a tu hogar.\u00a0<\/p><p>Odile Nioche<\/p>\t\t\t\t\t\t\t\t<\/div>\n\t\t\t\t<\/div>\n\t\t\t\t\t<\/div>\n\t\t<\/div>\n\t\t\t\t<div class=\"elementor-column elementor-col-50 elementor-top-column elementor-element elementor-element-429b7149\" data-id=\"429b7149\" data-element_type=\"column\" data-e-type=\"column\" data-settings=\"{&quot;background_background&quot;:&quot;classic&quot;}\">\n\t\t\t<div class=\"elementor-widget-wrap elementor-element-populated\">\n\t\t\t\t\t\t<section class=\"elementor-section elementor-inner-section elementor-element elementor-element-1fbe065 elementor-section-boxed elementor-section-height-default elementor-section-height-default\" data-id=\"1fbe065\" data-element_type=\"section\" data-e-type=\"section\" data-settings=\"{&quot;background_background&quot;:&quot;video&quot;,&quot;background_video_link&quot;:&quot;https:\\\/\\\/lumierenaturelle64.fr\\\/wp-content\\\/uploads\\\/2022\\\/10\\\/IMG-3454_1.mp4&quot;,&quot;background_play_on_mobile&quot;:&quot;yes&quot;}\">\n\t\t\t\t\t\t\t\t<div class=\"elementor-background-video-container\">\n\t\t\t\t\t\t\t\t\t\t\t\t\t<video class=\"elementor-background-video-hosted\" role=\"presentation\" autoplay muted playsinline loop><\/video>\n\t\t\t\t\t\t\t\t\t\t\t<\/div>\n\t\t\t\t\t\t\t\t<div class=\"elementor-container elementor-column-gap-default\">\n\t\t\t\t\t<div class=\"elementor-column elementor-col-100 elementor-inner-column elementor-element elementor-element-c3b2262\" data-id=\"c3b2262\" data-element_type=\"column\" data-e-type=\"column\">\n\t\t\t<div class=\"elementor-widget-wrap\">\n\t\t\t\t\t\t\t<\/div>\n\t\t<\/div>\n\t\t\t\t\t<\/div>\n\t\t<\/section>\n\t\t\t\t\t<\/div>\n\t\t<\/div>\n\t\t\t\t\t<\/div>\n\t\t<\/section>\n\t\t\t\t<\/div>","protected":false},"excerpt":{"rendered":"<p>MES CR\u00c9ATIONS ONT LA FIBRE NATURELLE Cr\u00e9atrice Artisane Abat-jour cousus main Bienvenue dans un univers qui allie savoir-faire, authenticit\u00e9 et naturel.\u00a0Des valeurs qui r\u00e9sonnent en vous ? Parfait, nous pouvons ensemble mettre en lumi\u00e8re votre int\u00e9rieur tout en respectant l\u2019atmosph\u00e8re qui est la v\u00f4tre. En tant qu&rsquo;artisane, je me sp\u00e9cialise dans la cr\u00e9ation d&rsquo;abat-jour et [&hellip;]<\/p>","protected":false},"author":1,"featured_media":0,"parent":0,"menu_order":0,"comment_status":"closed","ping_status":"closed","template":"","meta":{"_acf_changed":false,"footnotes":""},"class_list":["post-9","page","type-page","status-publish","hentry"],"acf":[],"yoast_head":"<!-- This site is optimized with the Yoast SEO plugin v26.4 - https:\/\/yoast.com\/wordpress\/plugins\/seo\/ -->\n<title>Lumi\u00e8re et abat-jour chez - Lumi\u00e8re Naturelle<\/title>\n<meta name=\"description\" content=\"Abat-jour faits main avec des tissus naturels et des structures d&#039;abat-jour fabriqu\u00e9es en France. - Lumi\u00e8re Naturelle\" \/>\n<meta name=\"robots\" content=\"index, follow, max-snippet:-1, max-image-preview:large, max-video-preview:-1\" \/>\n<link rel=\"canonical\" href=\"https:\/\/lumierenaturelle64.fr\/es\/abat-jour\/\" \/>\n<meta property=\"og:locale\" content=\"es_ES\" \/>\n<meta property=\"og:type\" content=\"article\" \/>\n<meta property=\"og:title\" content=\"Lumi\u00e8re et abat-jour chez - Lumi\u00e8re Naturelle\" \/>\n<meta property=\"og:description\" content=\"Abat-jour faits main avec des tissus naturels et des structures d&#039;abat-jour fabriqu\u00e9es en France. - Lumi\u00e8re Naturelle\" \/>\n<meta property=\"og:url\" content=\"https:\/\/lumierenaturelle64.fr\/es\/abat-jour\/\" \/>\n<meta property=\"og:site_name\" content=\"Lumi\u00e8re Naturelle\" \/>\n<meta property=\"article:modified_time\" content=\"2026-04-13T17:30:47+00:00\" \/>\n<meta name=\"twitter:card\" content=\"summary_large_image\" \/>\n<meta name=\"twitter:label1\" content=\"Tiempo de lectura\" \/>\n\t<meta name=\"twitter:data1\" content=\"2 minutos\" \/>\n<script type=\"application\/ld+json\" class=\"yoast-schema-graph\">{\"@context\":\"https:\/\/schema.org\",\"@graph\":[{\"@type\":\"WebPage\",\"@id\":\"https:\/\/lumierenaturelle64.fr\/abat-jour\/\",\"url\":\"https:\/\/lumierenaturelle64.fr\/abat-jour\/\",\"name\":\"Lumi\u00e8re et abat-jour chez - Lumi\u00e8re Naturelle\",\"isPartOf\":{\"@id\":\"https:\/\/lumierenaturelle64.fr\/#website\"},\"datePublished\":\"2022-03-21T15:33:17+00:00\",\"dateModified\":\"2026-04-13T17:30:47+00:00\",\"description\":\"Abat-jour faits main avec des tissus naturels et des structures d'abat-jour fabriqu\u00e9es en France. - Lumi\u00e8re Naturelle\",\"breadcrumb\":{\"@id\":\"https:\/\/lumierenaturelle64.fr\/abat-jour\/#breadcrumb\"},\"inLanguage\":\"es\",\"potentialAction\":[{\"@type\":\"ReadAction\",\"target\":[\"https:\/\/lumierenaturelle64.fr\/abat-jour\/\"]}]},{\"@type\":\"BreadcrumbList\",\"@id\":\"https:\/\/lumierenaturelle64.fr\/abat-jour\/#breadcrumb\",\"itemListElement\":[{\"@type\":\"ListItem\",\"position\":1,\"name\":\"Accueil\",\"item\":\"https:\/\/lumierenaturelle64.fr\/\"},{\"@type\":\"ListItem\",\"position\":2,\"name\":\"Accueil\"}]},{\"@type\":\"WebSite\",\"@id\":\"https:\/\/lumierenaturelle64.fr\/#website\",\"url\":\"https:\/\/lumierenaturelle64.fr\/\",\"name\":\"lumierenaturelle64.fr\",\"description\":\"\",\"publisher\":{\"@id\":\"https:\/\/lumierenaturelle64.fr\/#organization\"},\"potentialAction\":[{\"@type\":\"SearchAction\",\"target\":{\"@type\":\"EntryPoint\",\"urlTemplate\":\"https:\/\/lumierenaturelle64.fr\/?s={search_term_string}\"},\"query-input\":{\"@type\":\"PropertyValueSpecification\",\"valueRequired\":true,\"valueName\":\"search_term_string\"}}],\"inLanguage\":\"es\"},{\"@type\":\"Organization\",\"@id\":\"https:\/\/lumierenaturelle64.fr\/#organization\",\"name\":\"lumierenaturelle64.fr\",\"url\":\"https:\/\/lumierenaturelle64.fr\/\",\"logo\":{\"@type\":\"ImageObject\",\"inLanguage\":\"es\",\"@id\":\"https:\/\/lumierenaturelle64.fr\/#\/schema\/logo\/image\/\",\"url\":\"https:\/\/lumierenaturelle64.fr\/wp-content\/uploads\/2022\/10\/Lumiere_Naturelle_2023.jpg\",\"contentUrl\":\"https:\/\/lumierenaturelle64.fr\/wp-content\/uploads\/2022\/10\/Lumiere_Naturelle_2023.jpg\",\"width\":769,\"height\":951,\"caption\":\"lumierenaturelle64.fr\"},\"image\":{\"@id\":\"https:\/\/lumierenaturelle64.fr\/#\/schema\/logo\/image\/\"},\"sameAs\":[\"https:\/\/www.instagram.com\/lumierenature64\/\"]}]}<\/script>\n<!-- \/ Yoast SEO plugin. -->","yoast_head_json":{"title":"Lumi\u00e8re et abat-jour chez - Lumi\u00e8re Naturelle","description":"Abat-jour faits main avec des tissus naturels et des structures d'abat-jour fabriqu\u00e9es en France. - Lumi\u00e8re Naturelle","robots":{"index":"index","follow":"follow","max-snippet":"max-snippet:-1","max-image-preview":"max-image-preview:large","max-video-preview":"max-video-preview:-1"},"canonical":"https:\/\/lumierenaturelle64.fr\/es\/abat-jour\/","og_locale":"es_ES","og_type":"article","og_title":"Lumi\u00e8re et abat-jour chez - Lumi\u00e8re Naturelle","og_description":"Abat-jour faits main avec des tissus naturels et des structures d'abat-jour fabriqu\u00e9es en France. - Lumi\u00e8re Naturelle","og_url":"https:\/\/lumierenaturelle64.fr\/es\/abat-jour\/","og_site_name":"Lumi\u00e8re Naturelle","article_modified_time":"2026-04-13T17:30:47+00:00","twitter_card":"summary_large_image","twitter_misc":{"Tiempo de lectura":"2 minutos"},"schema":{"@context":"https:\/\/schema.org","@graph":[{"@type":"WebPage","@id":"https:\/\/lumierenaturelle64.fr\/abat-jour\/","url":"https:\/\/lumierenaturelle64.fr\/abat-jour\/","name":"Lumi\u00e8re et abat-jour chez - Lumi\u00e8re Naturelle","isPartOf":{"@id":"https:\/\/lumierenaturelle64.fr\/#website"},"datePublished":"2022-03-21T15:33:17+00:00","dateModified":"2026-04-13T17:30:47+00:00","description":"Abat-jour faits main avec des tissus naturels et des structures d'abat-jour fabriqu\u00e9es en France. - Lumi\u00e8re Naturelle","breadcrumb":{"@id":"https:\/\/lumierenaturelle64.fr\/abat-jour\/#breadcrumb"},"inLanguage":"es","potentialAction":[{"@type":"ReadAction","target":["https:\/\/lumierenaturelle64.fr\/abat-jour\/"]}]},{"@type":"BreadcrumbList","@id":"https:\/\/lumierenaturelle64.fr\/abat-jour\/#breadcrumb","itemListElement":[{"@type":"ListItem","position":1,"name":"Accueil","item":"https:\/\/lumierenaturelle64.fr\/"},{"@type":"ListItem","position":2,"name":"Accueil"}]},{"@type":"WebSite","@id":"https:\/\/lumierenaturelle64.fr\/#website","url":"https:\/\/lumierenaturelle64.fr\/","name":"lumierenaturelle64.fr","description":"","publisher":{"@id":"https:\/\/lumierenaturelle64.fr\/#organization"},"potentialAction":[{"@type":"SearchAction","target":{"@type":"EntryPoint","urlTemplate":"https:\/\/lumierenaturelle64.fr\/?s={search_term_string}"},"query-input":{"@type":"PropertyValueSpecification","valueRequired":true,"valueName":"search_term_string"}}],"inLanguage":"es"},{"@type":"Organization","@id":"https:\/\/lumierenaturelle64.fr\/#organization","name":"lumierenaturelle64.fr","url":"https:\/\/lumierenaturelle64.fr\/","logo":{"@type":"ImageObject","inLanguage":"es","@id":"https:\/\/lumierenaturelle64.fr\/#\/schema\/logo\/image\/","url":"https:\/\/lumierenaturelle64.fr\/wp-content\/uploads\/2022\/10\/Lumiere_Naturelle_2023.jpg","contentUrl":"https:\/\/lumierenaturelle64.fr\/wp-content\/uploads\/2022\/10\/Lumiere_Naturelle_2023.jpg","width":769,"height":951,"caption":"lumierenaturelle64.fr"},"image":{"@id":"https:\/\/lumierenaturelle64.fr\/#\/schema\/logo\/image\/"},"sameAs":["https:\/\/www.instagram.com\/lumierenature64\/"]}]}},"_links":{"self":[{"href":"https:\/\/lumierenaturelle64.fr\/es\/wp-json\/wp\/v2\/pages\/9","targetHints":{"allow":["GET"]}}],"collection":[{"href":"https:\/\/lumierenaturelle64.fr\/es\/wp-json\/wp\/v2\/pages"}],"about":[{"href":"https:\/\/lumierenaturelle64.fr\/es\/wp-json\/wp\/v2\/types\/page"}],"author":[{"embeddable":true,"href":"https:\/\/lumierenaturelle64.fr\/es\/wp-json\/wp\/v2\/users\/1"}],"replies":[{"embeddable":true,"href":"https:\/\/lumierenaturelle64.fr\/es\/wp-json\/wp\/v2\/comments?post=9"}],"version-history":[{"count":392,"href":"https:\/\/lumierenaturelle64.fr\/es\/wp-json\/wp\/v2\/pages\/9\/revisions"}],"predecessor-version":[{"id":5491,"href":"https:\/\/lumierenaturelle64.fr\/es\/wp-json\/wp\/v2\/pages\/9\/revisions\/5491"}],"wp:attachment":[{"href":"https:\/\/lumierenaturelle64.fr\/es\/wp-json\/wp\/v2\/media?parent=9"}],"curies":[{"name":"wp","href":"https:\/\/api.w.org\/{rel}","templated":true}]}}